{"id":19419,"date":"2020-01-20T18:22:29","date_gmt":"2020-01-20T16:22:29","guid":{"rendered":"https:\/\/roulementcasting.com\/?post_type=product&#038;p=19419"},"modified":"2025-12-08T18:59:49","modified_gmt":"2025-12-08T16:59:49","slug":"hedgehog-roulements-air-hd","status":"publish","type":"product","link":"https:\/\/roulementcasting.com\/en\/product\/hedgehog-roulements-air-hd\/","title":{"rendered":"HedgeHog AIR HD Bearings"},"content":{"rendered":"<p><img fetchpriority=\"high\" decoding=\"async\" class=\"aligncenter size-full wp-image-19420\" src=\"https:\/\/roulementcasting.com\/wp-content\/uploads\/AIRHDpresentation.jpg\" alt=\"\" width=\"600\" height=\"239\" srcset=\"https:\/\/roulementcasting.com\/wp-content\/uploads\/AIRHDpresentation.jpg 600w, https:\/\/roulementcasting.com\/wp-content\/uploads\/AIRHDpresentation-300x120.jpg 300w, https:\/\/roulementcasting.com\/wp-content\/uploads\/AIRHDpresentation-442x176.jpg 442w\" sizes=\"(max-width: 600px) 100vw, 600px\" \/>La version HD (Heavy Duty) des AIR CERAMIC connus pour leur rotation exceptionnelle!<br \/>\nLes roulement AIR HD sont le r\u00e9sultat de la combinaison de billes c\u00e9ramique de haute precision et du metal trait\u00e9 anti corrosion HRCB. Cette combinaison permet d&rsquo;atteindre le meilleur niveau de performance et de resistance \u00e0 la corrosion. Cette version HD permet de compl\u00e9ter la gamme AIR avec un mod\u00e8le tout terrain capable d&rsquo;\u00e9quiper les mod\u00e8les destin\u00e9s aux cannes L comme les XXH destin\u00e9s aux plus gros Big Bait.<\/p>\n<p>[flat_button text=\u00a0\u00bb1030 AIR HD &#038; 1030 AIR HD\u00a0\u00bb title=\u00a0\u00bb1030 AIR HD; 1030 AIR HD\u00a0\u00bb url=\u00a0\u00bb\/produit\/hedgehog-kattobi-air-hd-kit-bobine-01\/\u00a0\u00bb padding=\u00a0\u00bb10px 20px\u00a0\u00bb bg_color=\u00a0\u00bbtransparent\u00a0\u00bb border_color=\u00a0\u00bb#ff5c00&Prime; border_width=\u00a0\u00bb1px\u00a0\u00bb text_color=\u00a0\u00bb#000000&Prime; text_size=\u00a0\u00bb16px\u00a0\u00bb align=\u00a0\u00bbleft\u00a0\u00bb target=\u00a0\u00bb_self\u00a0\u00bb]<\/p>\n<p>[flat_button text=\u00a0\u00bb1150 AIR HD &#038; 1030 AIR HD\u00a0\u00bb title=\u00a0\u00bb1150 AIR HD; 1030 AIR HD\u00a0\u00bb url=\u00a0\u00bb\/produit\/hedgehog-kattobi-air-hd-kit-bobine-02\/\u00a0\u00bb padding=\u00a0\u00bb10px 20px\u00a0\u00bb bg_color=\u00a0\u00bbtransparent\u00a0\u00bb border_color=\u00a0\u00bb#ff5c00&Prime; border_width=\u00a0\u00bb1px\u00a0\u00bb text_color=\u00a0\u00bb#000000&Prime; text_size=\u00a0\u00bb16px\u00a0\u00bb align=\u00a0\u00bbleft\u00a0\u00bb target=\u00a0\u00bb_self\u00a0\u00bb]<\/p>\n<p>[flat_button text=\u00a0\u00bb1150 AIR HD &#038; 830 AIR HD\u00a0\u00bb title=\u00a0\u00bb1150 AIR HD; 830 AIR HD\u00a0\u00bb url=\u00a0\u00bb\/produit\/hedgehog-kattobi-air-hd-kit-bobine-03\/\u00a0\u00bb padding=\u00a0\u00bb10px 20px\u00a0\u00bb bg_color=\u00a0\u00bbtransparent\u00a0\u00bb border_color=\u00a0\u00bb#ff5c00&Prime; border_width=\u00a0\u00bb1px\u00a0\u00bb text_color=\u00a0\u00bb#000000&Prime; text_size=\u00a0\u00bb16px\u00a0\u00bb align=\u00a0\u00bbleft\u00a0\u00bb target=\u00a0\u00bb_self\u00a0\u00bb]<\/p>\n<p>[flat_button text=\u00a0\u00bb1150 AIR HD &#038; 1150 AIR HD\u00a0\u00bb title=\u00a0\u00bb1030 AIR HD; 830 AIR HD\u00a0\u00bb url=\u00a0\u00bb\/produit\/hedgehog-kattobi-air-hd-kit-bobine-04\/\u00a0\u00bb padding=\u00a0\u00bb10px 20px\u00a0\u00bb bg_color=\u00a0\u00bbtransparent\u00a0\u00bb border_color=\u00a0\u00bb#ff5c00&Prime; border_width=\u00a0\u00bb1px\u00a0\u00bb text_color=\u00a0\u00bb#000000&Prime; text_size=\u00a0\u00bb16px\u00a0\u00bb align=\u00a0\u00bbleft\u00a0\u00bb target=\u00a0\u00bb_self\u00a0\u00bb]<\/p>\n<p>[flat_button text=\u00a0\u00bb1040 AIR HD &#038; 1040 AIR HD\u00a0\u00bb title=\u00a0\u00bb1030 AIR HD; 830 AIR HD\u00a0\u00bb url=\u00a0\u00bb\/produit\/hedgehog-kattobi-air-hd-kit-bobine-05\/\u00a0\u00bb padding=\u00a0\u00bb10px 20px\u00a0\u00bb bg_color=\u00a0\u00bbtransparent\u00a0\u00bb border_color=\u00a0\u00bb#ff5c00&Prime; border_width=\u00a0\u00bb1px\u00a0\u00bb text_color=\u00a0\u00bb#000000&Prime; text_size=\u00a0\u00bb16px\u00a0\u00bb align=\u00a0\u00bbleft\u00a0\u00bb target=\u00a0\u00bb_self\u00a0\u00bb]<\/p>\n<p>[flat_button text=\u00a0\u00bb1030 AIR HD &#038; 830 AIR HD\u00a0\u00bb title=\u00a0\u00bb1030 AIR HD; 830 AIR HD\u00a0\u00bb url=\u00a0\u00bb\/produit\/hedgehog-kattobi-air-hd-kit-bobine-06\/\u00a0\u00bb padding=\u00a0\u00bb10px 20px\u00a0\u00bb bg_color=\u00a0\u00bbtransparent\u00a0\u00bb border_color=\u00a0\u00bb#ff5c00&Prime; border_width=\u00a0\u00bb1px\u00a0\u00bb text_color=\u00a0\u00bb#000000&Prime; text_size=\u00a0\u00bb16px\u00a0\u00bb align=\u00a0\u00bbleft\u00a0\u00bb target=\u00a0\u00bb_self\u00a0\u00bb]<\/p>\n<p>[flat_button text=\u00a0\u00bb730 AIR HD &#038; 730 AIR HD\u00a0\u00bb title=\u00a0\u00bb730 AIR HD; 730 AIR HD\u00a0\u00bb url=\u00a0\u00bb\/produit\/hedgehog-kattobi-air-hd-kit-bobine-10\/\u00a0\u00bb padding=\u00a0\u00bb10px 20px\u00a0\u00bb bg_color=\u00a0\u00bbtransparent\u00a0\u00bb border_color=\u00a0\u00bb#ff5c00&Prime; border_width=\u00a0\u00bb1px\u00a0\u00bb text_color=\u00a0\u00bb#000000&Prime; text_size=\u00a0\u00bb16px\u00a0\u00bb align=\u00a0\u00bbleft\u00a0\u00bb target=\u00a0\u00bb_self\u00a0\u00bb]<\/p>\n","protected":false},"excerpt":{"rendered":"<p>[rev_slider alias=\u00a0\u00bbslider-4&Prime;][\/rev_slider]<\/p>\n","protected":false},"featured_media":19421,"comment_status":"open","ping_status":"closed","template":"","meta":{"_acf_changed":false},"product_brand":[1823],"product_cat":[1865],"product_tag":[],"class_list":{"0":"post-19419","1":"product","2":"type-product","3":"status-publish","4":"has-post-thumbnail","6":"product_brand-hedgehog-studio","7":"product_cat-non-classe","8":"product_shipping_class-lettre-suivie","10":"first","11":"instock","12":"taxable","13":"shipping-taxable","14":"product-type-external"},"bundle_layout":"","bundled_by":[],"bundled_items":[],"acf":[],"_links":{"self":[{"href":"https:\/\/roulementcasting.com\/en\/wp-json\/wp\/v2\/product\/19419","targetHints":{"allow":["GET"]}}],"collection":[{"href":"https:\/\/roulementcasting.com\/en\/wp-json\/wp\/v2\/product"}],"about":[{"href":"https:\/\/roulementcasting.com\/en\/wp-json\/wp\/v2\/types\/product"}],"replies":[{"embeddable":true,"href":"https:\/\/roulementcasting.com\/en\/wp-json\/wp\/v2\/comments?post=19419"}],"version-history":[{"count":1,"href":"https:\/\/roulementcasting.com\/en\/wp-json\/wp\/v2\/product\/19419\/revisions"}],"predecessor-version":[{"id":21074,"href":"https:\/\/roulementcasting.com\/en\/wp-json\/wp\/v2\/product\/19419\/revisions\/21074"}],"wp:featuredmedia":[{"embeddable":true,"href":"https:\/\/roulementcasting.com\/en\/wp-json\/wp\/v2\/media\/19421"}],"wp:attachment":[{"href":"https:\/\/roulementcasting.com\/en\/wp-json\/wp\/v2\/media?parent=19419"}],"wp:term":[{"taxonomy":"product_brand","embeddable":true,"href":"https:\/\/roulementcasting.com\/en\/wp-json\/wp\/v2\/product_brand?post=19419"},{"taxonomy":"product_cat","embeddable":true,"href":"https:\/\/roulementcasting.com\/en\/wp-json\/wp\/v2\/product_cat?post=19419"},{"taxonomy":"product_tag","embeddable":true,"href":"https:\/\/roulementcasting.com\/en\/wp-json\/wp\/v2\/product_tag?post=19419"}],"curies":[{"name":"wp","href":"https:\/\/api.w.org\/{rel}","templated":true}]}}