{"id":1919,"date":"2013-09-02T16:40:54","date_gmt":"2013-09-02T14:40:54","guid":{"rendered":"http:\/\/roulementcasting.com\/?post_type=product&#038;p=1919"},"modified":"2025-12-15T18:26:58","modified_gmt":"2025-12-15T16:26:58","slug":"daiwa-pixy-px-68-spr","status":"publish","type":"product","link":"https:\/\/roulementcasting.com\/en\/product\/daiwa-pixy-px-68-spr\/","title":{"rendered":"Daiwa Pixy PX 68 SPR"},"content":{"rendered":"<p><a href=\"http:\/\/roulementcasting.com\/wp-content\/uploads\/2013\/09\/PX68_img_2.jpg\"><img fetchpriority=\"high\" decoding=\"async\" class=\"aligncenter size-full wp-image-1922\" src=\"http:\/\/roulementcasting.com\/wp-content\/uploads\/2013\/09\/PX68_img_2.jpg\" alt=\"PX68_img_2\" width=\"720\" height=\"221\" srcset=\"https:\/\/roulementcasting.com\/wp-content\/uploads\/2013\/09\/PX68_img_2.jpg 720w, https:\/\/roulementcasting.com\/wp-content\/uploads\/2013\/09\/PX68_img_2-18x6.jpg 18w, https:\/\/roulementcasting.com\/wp-content\/uploads\/2013\/09\/PX68_img_2-300x92.jpg 300w, https:\/\/roulementcasting.com\/wp-content\/uploads\/2013\/09\/PX68_img_2-442x136.jpg 442w, https:\/\/roulementcasting.com\/wp-content\/uploads\/2013\/09\/PX68_img_2-600x184.jpg 600w\" sizes=\"(max-width: 720px) 100vw, 720px\" \/><\/a><\/p>\n<p>Le PX68 SPR (Small Plug Revolution) est l&rsquo;ultime \u00e9volution du Liberto Pixy. Mod\u00e8le r\u00e9serv\u00e9 au march\u00e9 japonais il a \u00e9t\u00e9 optimis\u00e9 pour le Bait finesse.<\/p>\n<p>Le frein Magforce Magn\u00e9tique \u00e0 \u00e9t\u00e9 remplac\u00e9 par un syst\u00e8me centrifuge beaucoup plus adapt\u00e9 \u00e0 l&rsquo;utilisation de petits leurres. En effet le Magforce demande une certaine inertie de la bobine pour \u00eatre efficace, hors l&rsquo;utilisation de micro leurres ne fournis pas \u00e0 la bobine cette force. Le syst\u00e8me centrifuge \u00e0 deux masselottes permet d&rsquo;all\u00e9ger au maximum la bobine tout en \u00e9tant efficace m\u00eame \u00e0 faible vitesse de rotation.<\/p>\n<p><img decoding=\"async\" class=\"size-full wp-image-1920 aligncenter\" src=\"http:\/\/roulementcasting.com\/wp-content\/uploads\/2013\/09\/spool-PX68SPR.jpg\" alt=\"spool-PX68SPR\" width=\"250\" height=\"149\" srcset=\"https:\/\/roulementcasting.com\/wp-content\/uploads\/2013\/09\/spool-PX68SPR.jpg 250w, https:\/\/roulementcasting.com\/wp-content\/uploads\/2013\/09\/spool-PX68SPR-18x12.jpg 18w\" sizes=\"(max-width: 250px) 100vw, 250px\" \/><img decoding=\"async\" class=\"size-full wp-image-1921 aligncenter\" src=\"http:\/\/roulementcasting.com\/wp-content\/uploads\/2013\/09\/Guidefil-PX68SPR.jpg\" alt=\"Guidefil-PX68SPR\" width=\"250\" height=\"149\" srcset=\"https:\/\/roulementcasting.com\/wp-content\/uploads\/2013\/09\/Guidefil-PX68SPR.jpg 250w, https:\/\/roulementcasting.com\/wp-content\/uploads\/2013\/09\/Guidefil-PX68SPR-18x12.jpg 18w\" sizes=\"(max-width: 250px) 100vw, 250px\" \/><\/p>\n<p>Caract\u00e9ristiques :<\/p>\n<p>&#8211; Poids : 150gr<br \/>\n&#8211; Ratio :66cm\/tmv<br \/>\n&#8211; Roulements : 8 +1<br \/>\n&#8211; Freins : 4kg<br \/>\n&#8211; Capacit\u00e9 : 100m de 25%<\/p>","protected":false},"excerpt":{"rendered":"<p>Le PX68 SPR (Small Plug Revolution) est l&rsquo;ultime \u00e9volution du Liberto Pixy. Mod\u00e8le r\u00e9serv\u00e9 au march\u00e9 japonais il a \u00e9t\u00e9 optimis\u00e9 pour le Bait finesse. Le frein Magforce Magn\u00e9tique \u00e0 \u00e9t\u00e9 remplac\u00e9 par un syst\u00e8me centrifuge beaucoup plus adapt\u00e9 \u00e0 l&rsquo;utilisation de petits leurres. En effet le Magforce demande une certaine inertie de la bobine [&hellip;]<\/p>\n","protected":false},"featured_media":4462,"comment_status":"open","ping_status":"closed","template":"","meta":{"_acf_changed":false},"product_brand":[],"product_cat":[1882],"product_tag":[],"class_list":{"0":"post-1919","1":"product","2":"type-product","3":"status-publish","4":"has-post-thumbnail","6":"product_cat-moulinet-archive","7":"pa_px-68-spr-left-hand-manivelle-a-gauche-3","8":"pa_px-68-spr-right-hand-manivelle-a-droite-3","10":"first","11":"outofstock","12":"taxable","13":"shipping-taxable","14":"product-type-simple"},"bundle_layout":"","bundled_by":[],"bundled_items":[],"acf":[],"_links":{"self":[{"href":"https:\/\/roulementcasting.com\/en\/wp-json\/wp\/v2\/product\/1919","targetHints":{"allow":["GET"]}}],"collection":[{"href":"https:\/\/roulementcasting.com\/en\/wp-json\/wp\/v2\/product"}],"about":[{"href":"https:\/\/roulementcasting.com\/en\/wp-json\/wp\/v2\/types\/product"}],"replies":[{"embeddable":true,"href":"https:\/\/roulementcasting.com\/en\/wp-json\/wp\/v2\/comments?post=1919"}],"version-history":[{"count":1,"href":"https:\/\/roulementcasting.com\/en\/wp-json\/wp\/v2\/product\/1919\/revisions"}],"predecessor-version":[{"id":28412,"href":"https:\/\/roulementcasting.com\/en\/wp-json\/wp\/v2\/product\/1919\/revisions\/28412"}],"wp:featuredmedia":[{"embeddable":true,"href":"https:\/\/roulementcasting.com\/en\/wp-json\/wp\/v2\/media\/4462"}],"wp:attachment":[{"href":"https:\/\/roulementcasting.com\/en\/wp-json\/wp\/v2\/media?parent=1919"}],"wp:term":[{"taxonomy":"product_brand","embeddable":true,"href":"https:\/\/roulementcasting.com\/en\/wp-json\/wp\/v2\/product_brand?post=1919"},{"taxonomy":"product_cat","embeddable":true,"href":"https:\/\/roulementcasting.com\/en\/wp-json\/wp\/v2\/product_cat?post=1919"},{"taxonomy":"product_tag","embeddable":true,"href":"https:\/\/roulementcasting.com\/en\/wp-json\/wp\/v2\/product_tag?post=1919"}],"curies":[{"name":"wp","href":"https:\/\/api.w.org\/{rel}","templated":true}]}}