{"id":1915,"date":"2013-09-02T15:29:59","date_gmt":"2013-09-02T14:29:59","guid":{"rendered":"http:\/\/roulementcasting.com\/?post_type=product&#038;p=1915"},"modified":"2025-12-15T18:26:50","modified_gmt":"2025-12-15T16:26:50","slug":"daiwa-alphas-finesse-custom-105hl","status":"publish","type":"product","link":"https:\/\/roulementcasting.com\/en\/product\/daiwa-alphas-finesse-custom-105hl\/","title":{"rendered":"Daiwa Alphas Finesse Custom 105HL"},"content":{"rendered":"<p><img fetchpriority=\"high\" decoding=\"async\" class=\"aligncenter size-full wp-image-1911\" src=\"http:\/\/roulementcasting.com\/wp-content\/uploads\/2013\/09\/Alphas_FINESSE_custom.jpg\" alt=\"Alphas_FINESSE_custom\" width=\"720\" height=\"317\" srcset=\"https:\/\/roulementcasting.com\/wp-content\/uploads\/2013\/09\/Alphas_FINESSE_custom.jpg 720w, https:\/\/roulementcasting.com\/wp-content\/uploads\/2013\/09\/Alphas_FINESSE_custom-18x8.jpg 18w, https:\/\/roulementcasting.com\/wp-content\/uploads\/2013\/09\/Alphas_FINESSE_custom-300x132.jpg 300w, https:\/\/roulementcasting.com\/wp-content\/uploads\/2013\/09\/Alphas_FINESSE_custom-442x195.jpg 442w, https:\/\/roulementcasting.com\/wp-content\/uploads\/2013\/09\/Alphas_FINESSE_custom-600x264.jpg 600w\" sizes=\"(max-width: 720px) 100vw, 720px\" \/><\/p>\n<p>Alphas Finesse Custom est une version Super tuned du c\u00e9l\u00e8bre Daiwa Alphas. Il a \u00e9t\u00e9 am\u00e9lior\u00e9 par Daiwa sp\u00e9cialement pour les p\u00eaches Finesse. Le ratio a \u00e9t\u00e9 augment\u00e9 \u00e0 70cm\/tour de manivelle et la bobine a \u00e9t\u00e9 chang\u00e9e pour un mod\u00e8le Super Shallow.<\/p>\n<figure id=\"attachment_1913\" aria-describedby=\"caption-attachment-1913\" style=\"width: 340px\" class=\"wp-caption aligncenter\"><img decoding=\"async\" class=\"size-full wp-image-1913\" src=\"http:\/\/roulementcasting.com\/wp-content\/uploads\/2013\/09\/Alphas-finesse-custom-2.jpg\" alt=\"Alphas-finesse-custom-2\" width=\"340\" height=\"177\" srcset=\"https:\/\/roulementcasting.com\/wp-content\/uploads\/2013\/09\/Alphas-finesse-custom-2.jpg 340w, https:\/\/roulementcasting.com\/wp-content\/uploads\/2013\/09\/Alphas-finesse-custom-2-18x9.jpg 18w, https:\/\/roulementcasting.com\/wp-content\/uploads\/2013\/09\/Alphas-finesse-custom-2-300x156.jpg 300w\" sizes=\"(max-width: 340px) 100vw, 340px\" \/><figcaption id=\"caption-attachment-1913\" class=\"wp-caption-text\">Bobine Super Shallow<\/figcaption><\/figure>\n<figure id=\"attachment_1914\" aria-describedby=\"caption-attachment-1914\" style=\"width: 340px\" class=\"wp-caption aligncenter\"><img decoding=\"async\" class=\"size-full wp-image-1914\" src=\"http:\/\/roulementcasting.com\/wp-content\/uploads\/2013\/09\/alphas-Super-customs-3.jpg\" alt=\"alphas-Super-customs-3\" width=\"340\" height=\"177\" srcset=\"https:\/\/roulementcasting.com\/wp-content\/uploads\/2013\/09\/alphas-Super-customs-3.jpg 340w, https:\/\/roulementcasting.com\/wp-content\/uploads\/2013\/09\/alphas-Super-customs-3-18x9.jpg 18w, https:\/\/roulementcasting.com\/wp-content\/uploads\/2013\/09\/alphas-Super-customs-3-300x156.jpg 300w\" sizes=\"(max-width: 340px) 100vw, 340px\" \/><figcaption id=\"caption-attachment-1914\" class=\"wp-caption-text\">B\u00e2ti m\u00e9tal ultra rigide<\/figcaption><\/figure>\n<p>Caract\u00e9ristiques :<\/p>\n<p>&#8211; Poids : 190gr<br \/>\n&#8211; Frein : 4kg<br \/>\n&#8211; Roulements : 6+1<br \/>\n&#8211; Ratio : 70cm<br \/>\n&#8211; Capacit\u00e9 : 75 m\u00e8tre de 10LB<br \/>\n&#8211; Utilisation Eau Douce uniquement<\/p>\n<p>TEST <a href=\"http:\/\/www.tackletour.com\/reviewdaiwaalphasfinesse.html\" target=\"_blank\" rel=\"noopener\"><strong>TACKLETOUR.NET<\/strong><\/a><\/p>","protected":false},"excerpt":{"rendered":"<p>Alphas Finesse Custom est une version Super tuned du c\u00e9l\u00e8bre Daiwa Alphas. Il a \u00e9t\u00e9 am\u00e9lior\u00e9 par Daiwa sp\u00e9cialement pour les p\u00eaches Finesse. Le ratio a \u00e9t\u00e9 augment\u00e9 \u00e0 70cm\/tour de manivelle et la bobine a \u00e9t\u00e9 chang\u00e9e pour un mod\u00e8le Super Shallow. Caract\u00e9ristiques : &#8211; Poids : 190gr &#8211; Frein : 4kg &#8211; Roulements [&hellip;]<\/p>\n","protected":false},"featured_media":4460,"comment_status":"open","ping_status":"closed","template":"","meta":{"_acf_changed":false},"product_brand":[],"product_cat":[1882],"product_tag":[],"class_list":{"0":"post-1915","1":"product","2":"type-product","3":"status-publish","4":"has-post-thumbnail","6":"product_cat-moulinet-archive","7":"product_shipping_class-colissimo-avec-assurance","9":"first","10":"outofstock","11":"taxable","12":"shipping-taxable","13":"product-type-simple"},"bundle_layout":"","bundled_by":[],"bundled_items":[],"acf":[],"_links":{"self":[{"href":"https:\/\/roulementcasting.com\/en\/wp-json\/wp\/v2\/product\/1915","targetHints":{"allow":["GET"]}}],"collection":[{"href":"https:\/\/roulementcasting.com\/en\/wp-json\/wp\/v2\/product"}],"about":[{"href":"https:\/\/roulementcasting.com\/en\/wp-json\/wp\/v2\/types\/product"}],"replies":[{"embeddable":true,"href":"https:\/\/roulementcasting.com\/en\/wp-json\/wp\/v2\/comments?post=1915"}],"version-history":[{"count":1,"href":"https:\/\/roulementcasting.com\/en\/wp-json\/wp\/v2\/product\/1915\/revisions"}],"predecessor-version":[{"id":28413,"href":"https:\/\/roulementcasting.com\/en\/wp-json\/wp\/v2\/product\/1915\/revisions\/28413"}],"wp:featuredmedia":[{"embeddable":true,"href":"https:\/\/roulementcasting.com\/en\/wp-json\/wp\/v2\/media\/4460"}],"wp:attachment":[{"href":"https:\/\/roulementcasting.com\/en\/wp-json\/wp\/v2\/media?parent=1915"}],"wp:term":[{"taxonomy":"product_brand","embeddable":true,"href":"https:\/\/roulementcasting.com\/en\/wp-json\/wp\/v2\/product_brand?post=1915"},{"taxonomy":"product_cat","embeddable":true,"href":"https:\/\/roulementcasting.com\/en\/wp-json\/wp\/v2\/product_cat?post=1915"},{"taxonomy":"product_tag","embeddable":true,"href":"https:\/\/roulementcasting.com\/en\/wp-json\/wp\/v2\/product_tag?post=1915"}],"curies":[{"name":"wp","href":"https:\/\/api.w.org\/{rel}","templated":true}]}}