{"id":1770,"date":"2013-05-30T18:15:30","date_gmt":"2013-05-30T16:15:30","guid":{"rendered":"http:\/\/roulementcasting.com\/?post_type=product&#038;p=1770"},"modified":"2025-12-08T19:00:51","modified_gmt":"2025-12-08T17:00:51","slug":"avail-microcast-spool-pour-revo-stx","status":"publish","type":"product","link":"https:\/\/roulementcasting.com\/en\/product\/avail-microcast-spool-pour-revo-stx\/","title":{"rendered":"Microcast Spool for Revo STX available"},"content":{"rendered":"<h1 style=\"text-align: center;\">Avail Microcast Spool<\/h1>\n<h2 style=\"text-align: center;\">RV31R<\/h2>\n<p>&nbsp;<\/p>\n<p>AVAIL \u00e0 mis au point la Microcast Spool RV31R\u00a0pour rendre les Revo STX et Elite Aurora performant sur les leurres l\u00e9gers. Shallow c&rsquo;est la bobine id\u00e9al pour le Bait finesse.<\/p>\n<p>Weight: 10.6 g<\/p>\n<p>Capacity: 95 m \/ 0.26 mm<\/p>\n<p>Compatible with: Revo STX (except Generation 3), Revo Elite Aurora<\/p>\n<p>Colour: Red<\/p>\n<p><a href=\"http:\/\/roulementcasting.com\/wp-content\/uploads\/2013\/05\/400_ms_rv31r_red.jpg\"><img fetchpriority=\"high\" decoding=\"async\" class=\"aligncenter size-full wp-image-1771\" src=\"http:\/\/roulementcasting.com\/wp-content\/uploads\/2013\/05\/400_ms_rv31r_red.jpg\" alt=\"400_ms_rv31r_red\" width=\"400\" height=\"300\" srcset=\"https:\/\/roulementcasting.com\/wp-content\/uploads\/2013\/05\/400_ms_rv31r_red.jpg 400w, https:\/\/roulementcasting.com\/wp-content\/uploads\/2013\/05\/400_ms_rv31r_red-300x225.jpg 300w, https:\/\/roulementcasting.com\/wp-content\/uploads\/2013\/05\/400_ms_rv31r_red-80x60.jpg 80w, https:\/\/roulementcasting.com\/wp-content\/uploads\/2013\/05\/400_ms_rv31r_red-120x90.jpg 120w\" sizes=\"(max-width: 400px) 100vw, 400px\" \/><\/a><\/p>","protected":false},"excerpt":{"rendered":"<p>Avail Microcast Spool RV31R &nbsp; AVAIL \u00e0 mis au point la Microcast Spool RV31R\u00a0pour rendre les Revo STX et Elite Aurora performant sur les leurres l\u00e9gers. Shallow c&rsquo;est la bobine id\u00e9al pour le Bait finesse. Poids : 10,6gr Capacit\u00e9 : 95m \/ 0,26mm Compatible : Revo STX (sauf G\u00e9n\u00e9ration 3), Revo Elite Aurora Couleur : [&hellip;]<\/p>\n","protected":false},"featured_media":1771,"comment_status":"open","ping_status":"closed","template":"","meta":{"_acf_changed":false},"product_brand":[],"product_cat":[344],"product_tag":[],"class_list":{"0":"post-1770","1":"product","2":"type-product","3":"status-publish","4":"has-post-thumbnail","6":"product_cat-piece-de-rechange","7":"product_shipping_class-colissimo-avec-assurance","9":"first","10":"outofstock","11":"taxable","12":"shipping-taxable","13":"purchasable","14":"product-type-simple"},"bundle_layout":"","bundled_by":[],"bundled_items":[],"acf":[],"_links":{"self":[{"href":"https:\/\/roulementcasting.com\/en\/wp-json\/wp\/v2\/product\/1770","targetHints":{"allow":["GET"]}}],"collection":[{"href":"https:\/\/roulementcasting.com\/en\/wp-json\/wp\/v2\/product"}],"about":[{"href":"https:\/\/roulementcasting.com\/en\/wp-json\/wp\/v2\/types\/product"}],"replies":[{"embeddable":true,"href":"https:\/\/roulementcasting.com\/en\/wp-json\/wp\/v2\/comments?post=1770"}],"version-history":[{"count":0,"href":"https:\/\/roulementcasting.com\/en\/wp-json\/wp\/v2\/product\/1770\/revisions"}],"wp:featuredmedia":[{"embeddable":true,"href":"https:\/\/roulementcasting.com\/en\/wp-json\/wp\/v2\/media\/1771"}],"wp:attachment":[{"href":"https:\/\/roulementcasting.com\/en\/wp-json\/wp\/v2\/media?parent=1770"}],"wp:term":[{"taxonomy":"product_brand","embeddable":true,"href":"https:\/\/roulementcasting.com\/en\/wp-json\/wp\/v2\/product_brand?post=1770"},{"taxonomy":"product_cat","embeddable":true,"href":"https:\/\/roulementcasting.com\/en\/wp-json\/wp\/v2\/product_cat?post=1770"},{"taxonomy":"product_tag","embeddable":true,"href":"https:\/\/roulementcasting.com\/en\/wp-json\/wp\/v2\/product_tag?post=1770"}],"curies":[{"name":"wp","href":"https:\/\/api.w.org\/{rel}","templated":true}]}}