{"id":1724,"date":"2013-05-17T09:46:39","date_gmt":"2013-05-17T07:46:39","guid":{"rendered":"http:\/\/roulementcasting.com\/?post_type=product&#038;p=1724"},"modified":"2025-12-08T19:00:51","modified_gmt":"2025-12-08T17:00:51","slug":"avail-microcast-spool-ltxltmgx","status":"publish","type":"product","link":"https:\/\/roulementcasting.com\/en\/product\/avail-microcast-spool-ltxltmgx\/","title":{"rendered":"Avail Microcast Spool RVLTX21R for LTX\/LT"},"content":{"rendered":"<h1 style=\"text-align: center;\">Avail Microcast Spool<\/h1>\n<h2 style=\"text-align: center;\">RVLTX21R<\/h2>\n<p>&nbsp;<\/p>\n<p>Avail \u00e0 mis au point la Microcast Spool RVLTX21R pour rendre les Revo LTX\/LT ultra performant sur les leurres l\u00e9gers. Shallow c&rsquo;est la bobine id\u00e9al pour le Bait finesse.<\/p>\n<p>Weight: 7.4 g<\/p>\n<p>Capacit\u00e9 : 60m \/ 8Lb<\/p>\n<p>Compatible : Revo LTX, LT et LTZ<\/p>\n<p>Colour: Red<\/p>\n<p><a href=\"http:\/\/roulementcasting.com\/wp-content\/uploads\/2013\/05\/ltx-mgx_red.jpg\"><img fetchpriority=\"high\" decoding=\"async\" class=\"aligncenter size-full wp-image-1719\" src=\"http:\/\/roulementcasting.com\/wp-content\/uploads\/2013\/05\/ltx-mgx_red.jpg\" alt=\"ltx-mgx_red\" width=\"400\" height=\"300\" srcset=\"https:\/\/roulementcasting.com\/wp-content\/uploads\/2013\/05\/ltx-mgx_red.jpg 400w, https:\/\/roulementcasting.com\/wp-content\/uploads\/2013\/05\/ltx-mgx_red-300x225.jpg 300w, https:\/\/roulementcasting.com\/wp-content\/uploads\/2013\/05\/ltx-mgx_red-80x60.jpg 80w, https:\/\/roulementcasting.com\/wp-content\/uploads\/2013\/05\/ltx-mgx_red-120x90.jpg 120w\" sizes=\"(max-width: 400px) 100vw, 400px\" \/><\/a><\/p>","protected":false},"excerpt":{"rendered":"<p>Avail Microcast Spool RVLTX21R &nbsp; Avail \u00e0 mis au point la Microcast Spool RVLTX21R pour rendre les Revo LTX\/LT ultra performant sur les leurres l\u00e9gers. Shallow c&rsquo;est la bobine id\u00e9al pour le Bait finesse. Poids : 7,4gr Capacit\u00e9 : 60m \/ 8Lb Compatible : Revo LTX, LT et LTZ Couleur : Red (Rouge)<\/p>","protected":false},"featured_media":1719,"comment_status":"open","ping_status":"closed","template":"","meta":{"_acf_changed":false},"product_brand":[],"product_cat":[344],"product_tag":[],"class_list":{"0":"post-1724","1":"product","2":"type-product","3":"status-publish","4":"has-post-thumbnail","6":"product_cat-piece-de-rechange","7":"product_shipping_class-colissimo-avec-assurance","9":"first","10":"outofstock","11":"taxable","12":"shipping-taxable","13":"purchasable","14":"product-type-simple"},"bundle_layout":"","bundled_by":[],"bundled_items":[],"acf":[],"_links":{"self":[{"href":"https:\/\/roulementcasting.com\/en\/wp-json\/wp\/v2\/product\/1724","targetHints":{"allow":["GET"]}}],"collection":[{"href":"https:\/\/roulementcasting.com\/en\/wp-json\/wp\/v2\/product"}],"about":[{"href":"https:\/\/roulementcasting.com\/en\/wp-json\/wp\/v2\/types\/product"}],"replies":[{"embeddable":true,"href":"https:\/\/roulementcasting.com\/en\/wp-json\/wp\/v2\/comments?post=1724"}],"version-history":[{"count":0,"href":"https:\/\/roulementcasting.com\/en\/wp-json\/wp\/v2\/product\/1724\/revisions"}],"wp:featuredmedia":[{"embeddable":true,"href":"https:\/\/roulementcasting.com\/en\/wp-json\/wp\/v2\/media\/1719"}],"wp:attachment":[{"href":"https:\/\/roulementcasting.com\/en\/wp-json\/wp\/v2\/media?parent=1724"}],"wp:term":[{"taxonomy":"product_brand","embeddable":true,"href":"https:\/\/roulementcasting.com\/en\/wp-json\/wp\/v2\/product_brand?post=1724"},{"taxonomy":"product_cat","embeddable":true,"href":"https:\/\/roulementcasting.com\/en\/wp-json\/wp\/v2\/product_cat?post=1724"},{"taxonomy":"product_tag","embeddable":true,"href":"https:\/\/roulementcasting.com\/en\/wp-json\/wp\/v2\/product_tag?post=1724"}],"curies":[{"name":"wp","href":"https:\/\/api.w.org\/{rel}","templated":true}]}}