{"id":1699,"date":"2013-05-15T21:27:55","date_gmt":"2013-05-15T20:27:55","guid":{"rendered":"http:\/\/roulementcasting.com\/?post_type=product&#038;p=1699"},"modified":"2025-12-08T19:00:51","modified_gmt":"2025-12-08T17:00:51","slug":"avail-manivelle-duralium-offset","status":"publish","type":"product","link":"https:\/\/roulementcasting.com\/en\/product\/avail-manivelle-duralium-offset\/","title":{"rendered":"Duralium offset crank handle"},"content":{"rendered":"<p>Avail cranks are works of art, precision-machined from Duralium; they are lightweight and durable.<\/p>\n<p>The spindles are compatible with Shimano handles (spacers supplied) and Daiwa handles<\/p>\n<h4>Shimano model (HO-SH-STA-90)<\/h4>\n<p>Size: 90mm<\/p>\n<p>Weight: 10.4 g<\/p>\n<p>Compatible with Shimano reels (the Conquest series requires the<a title=\"Avail Star Drag Brake Pad\" href=\"http:\/\/roulementcasting.com\/en\/product\/avail-star-drag-etoile-de-frein\/\">Avail Star Drag<\/a> )<\/p>\n<p>Compatible handles: Shimano size A, Daiwa S and all ZPI, RCS, IZ\u2019E and Megabass models designed for Daiwa S and Shimano size A<\/p>\n<h4>Abu models (HO-AB-STA-90)<\/h4>\n<p>Size: 90mm<\/p>\n<p>Weight: 10.4 g<\/p>\n<p>Compatible with <strong>Revo<\/strong> who has an offset handle (MGX, LTX, Elite, Revo Generation 3) and <strong>Da\u00efwa<\/strong><\/p>\n<p>Compatible handles: Shimano size A, Daiwa S and all ZPI, RCS, IZ\u2019E and Megabass models designed for Daiwa S and Shimano size A<\/p>\n<p>Example:<\/p>\n<p><a href=\"http:\/\/roulementcasting.com\/wp-content\/uploads\/2013\/05\/Avail-Offset-exemple-1.jpg\"><img fetchpriority=\"high\" decoding=\"async\" class=\"aligncenter size-full wp-image-1701\" src=\"http:\/\/roulementcasting.com\/wp-content\/uploads\/2013\/05\/Avail-Offset-exemple-1.jpg\" alt=\"Avail Offset exemple 1\" width=\"400\" height=\"300\" srcset=\"https:\/\/roulementcasting.com\/wp-content\/uploads\/2013\/05\/Avail-Offset-exemple-1.jpg 400w, https:\/\/roulementcasting.com\/wp-content\/uploads\/2013\/05\/Avail-Offset-exemple-1-300x225.jpg 300w\" sizes=\"(max-width: 400px) 100vw, 400px\" \/><\/a> <a href=\"http:\/\/roulementcasting.com\/wp-content\/uploads\/2013\/05\/Avail-Offset-exemple-2.jpg\"><img decoding=\"async\" class=\"aligncenter size-full wp-image-1700\" src=\"http:\/\/roulementcasting.com\/wp-content\/uploads\/2013\/05\/Avail-Offset-exemple-2.jpg\" alt=\"Avail Offset exemple 2\" width=\"400\" height=\"300\" srcset=\"https:\/\/roulementcasting.com\/wp-content\/uploads\/2013\/05\/Avail-Offset-exemple-2.jpg 400w, https:\/\/roulementcasting.com\/wp-content\/uploads\/2013\/05\/Avail-Offset-exemple-2-300x225.jpg 300w\" sizes=\"(max-width: 400px) 100vw, 400px\" \/><\/a><\/p>","protected":false},"excerpt":{"rendered":"<p>Les manivelles Avail sont des oeuvres d&rsquo;art, parfaitement usin\u00e9es en Duralium, elles sont l\u00e9g\u00e8res et r\u00e9sistantes. Les axes supportent les poign\u00e9es Shimano (entretoises fournies) et Daiwa Mod\u00e8le Shimano (HO-SH-STA-90) Taille : 90mm Poids : 10,4gr Compatible avec les moulinets Shimano ( la serie Conquest \u00a0n\u00e9cessite l&rsquo;Avail Star Drag ) Poign\u00e9es compatibles : Shimano taille A, [&hellip;]<\/p>\n","protected":false},"featured_media":8160,"comment_status":"open","ping_status":"closed","template":"","meta":{"_acf_changed":false},"product_brand":[],"product_cat":[344],"product_tag":[],"class_list":{"0":"post-1699","1":"product","2":"type-product","3":"status-publish","4":"has-post-thumbnail","6":"product_cat-piece-de-rechange","7":"product_shipping_class-lettre-suivie-format-boite","8":"pa_avail-offset-abu-90mm-blackred","9":"pa_avail-offset-shimano-90mm-blackred","10":"pa_avail-offset-shimano-90mm-goldgold","11":"pa_avail-offset-shimano-90mm-gun-metalgold","13":"first","14":"outofstock","15":"taxable","16":"shipping-taxable","17":"purchasable","18":"product-type-variable","19":"has-default-attributes"},"bundle_layout":"","bundled_by":[],"bundled_items":[],"acf":[],"_links":{"self":[{"href":"https:\/\/roulementcasting.com\/en\/wp-json\/wp\/v2\/product\/1699","targetHints":{"allow":["GET"]}}],"collection":[{"href":"https:\/\/roulementcasting.com\/en\/wp-json\/wp\/v2\/product"}],"about":[{"href":"https:\/\/roulementcasting.com\/en\/wp-json\/wp\/v2\/types\/product"}],"replies":[{"embeddable":true,"href":"https:\/\/roulementcasting.com\/en\/wp-json\/wp\/v2\/comments?post=1699"}],"version-history":[{"count":0,"href":"https:\/\/roulementcasting.com\/en\/wp-json\/wp\/v2\/product\/1699\/revisions"}],"wp:featuredmedia":[{"embeddable":true,"href":"https:\/\/roulementcasting.com\/en\/wp-json\/wp\/v2\/media\/8160"}],"wp:attachment":[{"href":"https:\/\/roulementcasting.com\/en\/wp-json\/wp\/v2\/media?parent=1699"}],"wp:term":[{"taxonomy":"product_brand","embeddable":true,"href":"https:\/\/roulementcasting.com\/en\/wp-json\/wp\/v2\/product_brand?post=1699"},{"taxonomy":"product_cat","embeddable":true,"href":"https:\/\/roulementcasting.com\/en\/wp-json\/wp\/v2\/product_cat?post=1699"},{"taxonomy":"product_tag","embeddable":true,"href":"https:\/\/roulementcasting.com\/en\/wp-json\/wp\/v2\/product_tag?post=1699"}],"curies":[{"name":"wp","href":"https:\/\/api.w.org\/{rel}","templated":true}]}}