{"id":1688,"date":"2013-05-15T20:29:02","date_gmt":"2013-05-15T18:29:02","guid":{"rendered":"http:\/\/roulementcasting.com\/?post_type=product&#038;p=1688"},"modified":"2025-12-08T19:00:52","modified_gmt":"2025-12-08T17:00:52","slug":"avail-microcast-spool-conquest-5051","status":"publish","type":"product","link":"https:\/\/roulementcasting.com\/en\/product\/avail-microcast-spool-conquest-5051\/","title":{"rendered":"Available: Microcast Spool CNQ5016BL for Conquest 50\/51"},"content":{"rendered":"<h1 style=\"text-align: center;\">Avail Microcast Spool<\/h1>\n<h2 style=\"text-align: center;\">CNQ5016BL<\/h2>\n<p><a href=\"http:\/\/roulementcasting.com\/wp-content\/uploads\/2013\/05\/Avail-Aldebaran-Spool.jpg\"><img fetchpriority=\"high\" decoding=\"async\" class=\"aligncenter size-full wp-image-1680\" src=\"http:\/\/roulementcasting.com\/wp-content\/uploads\/2013\/05\/Avail-Aldebaran-Spool.jpg\" alt=\"Avail Aldebaran Spool\" width=\"400\" height=\"300\" srcset=\"https:\/\/roulementcasting.com\/wp-content\/uploads\/2013\/05\/Avail-Aldebaran-Spool.jpg 400w, https:\/\/roulementcasting.com\/wp-content\/uploads\/2013\/05\/Avail-Aldebaran-Spool-300x225.jpg 300w, https:\/\/roulementcasting.com\/wp-content\/uploads\/2013\/05\/Avail-Aldebaran-Spool-80x60.jpg 80w, https:\/\/roulementcasting.com\/wp-content\/uploads\/2013\/05\/Avail-Aldebaran-Spool-120x90.jpg 120w\" sizes=\"(max-width: 400px) 100vw, 400px\" \/><\/a><\/p>\n<p>Avail has developed the Microcast Spool CNQ5016BL to make the Shimano Calcutta Conquest 50\/51 a high-performance reel for light lures. The Ultra Shallow is the ideal spool for finesse bait fishing.<\/p>\n<p>Weight: 7.7 g<\/p>\n<p>Capacity: 45 m \/ 0.229 mm<\/p>\n<p>Compatible with: Calcutta Conquest 50\/51<\/p>\n<p>Colour: Red<\/p>\n<p>The reel can be fitted with the SVS system (to be taken from the original reel)<\/p>\n<p><img decoding=\"async\" class=\"aligncenter\" src=\"http:\/\/roulementcasting.com\/wp-content\/uploads\/2013\/05\/SVS.jpg\" alt=\"SVS\" width=\"400\" height=\"300\" \/><img decoding=\"async\" class=\"aligncenter\" src=\"http:\/\/roulementcasting.com\/wp-content\/uploads\/2013\/05\/SVS1.jpg\" alt=\"SVS1\" width=\"400\" height=\"300\" \/><img loading=\"lazy\" decoding=\"async\" class=\"aligncenter\" src=\"http:\/\/roulementcasting.com\/wp-content\/uploads\/2013\/05\/SVS2.jpg\" alt=\"SVS2\" width=\"400\" height=\"300\" \/><\/p>\n<p>&nbsp;<\/p>\n<p>Please note: Ultra-light reels are designed for use with light lines. We do not recommend using high-tensile lines, as this may damage the reel<\/p>","protected":false},"excerpt":{"rendered":"<p>Avail Microcast Spool CNQ5016BL Avail \u00e0 mis au point la Microcast Spool CNQ5016BL\u00a0pour rendre le Shimano Calcutta Conquest 50\/51 ultra performant sur les leurres l\u00e9gers. Ultra Shallow c&rsquo;est la bobine id\u00e9al pour le Bait finesse. Poids : 7,7gr Capacit\u00e9 : 45m \/ 0,229mm Compatible :\u00a0Calcutta Conquest 50\/51 Couleur : Red \/ Rouge La bobine peut [&hellip;]<\/p>\n","protected":false},"featured_media":1680,"comment_status":"open","ping_status":"closed","template":"","meta":{"_acf_changed":false},"product_brand":[],"product_cat":[344],"product_tag":[],"class_list":{"0":"post-1688","1":"product","2":"type-product","3":"status-publish","4":"has-post-thumbnail","6":"product_cat-piece-de-rechange","7":"product_shipping_class-colissimo","9":"first","10":"outofstock","11":"taxable","12":"shipping-taxable","13":"purchasable","14":"product-type-simple"},"bundle_layout":"","bundled_by":[],"bundled_items":[],"acf":[],"_links":{"self":[{"href":"https:\/\/roulementcasting.com\/en\/wp-json\/wp\/v2\/product\/1688","targetHints":{"allow":["GET"]}}],"collection":[{"href":"https:\/\/roulementcasting.com\/en\/wp-json\/wp\/v2\/product"}],"about":[{"href":"https:\/\/roulementcasting.com\/en\/wp-json\/wp\/v2\/types\/product"}],"replies":[{"embeddable":true,"href":"https:\/\/roulementcasting.com\/en\/wp-json\/wp\/v2\/comments?post=1688"}],"version-history":[{"count":0,"href":"https:\/\/roulementcasting.com\/en\/wp-json\/wp\/v2\/product\/1688\/revisions"}],"wp:featuredmedia":[{"embeddable":true,"href":"https:\/\/roulementcasting.com\/en\/wp-json\/wp\/v2\/media\/1680"}],"wp:attachment":[{"href":"https:\/\/roulementcasting.com\/en\/wp-json\/wp\/v2\/media?parent=1688"}],"wp:term":[{"taxonomy":"product_brand","embeddable":true,"href":"https:\/\/roulementcasting.com\/en\/wp-json\/wp\/v2\/product_brand?post=1688"},{"taxonomy":"product_cat","embeddable":true,"href":"https:\/\/roulementcasting.com\/en\/wp-json\/wp\/v2\/product_cat?post=1688"},{"taxonomy":"product_tag","embeddable":true,"href":"https:\/\/roulementcasting.com\/en\/wp-json\/wp\/v2\/product_tag?post=1688"}],"curies":[{"name":"wp","href":"https:\/\/api.w.org\/{rel}","templated":true}]}}