{"id":1678,"date":"2013-05-15T20:10:05","date_gmt":"2013-05-15T19:10:05","guid":{"rendered":"http:\/\/roulementcasting.com\/?post_type=product&#038;p=1678"},"modified":"2025-12-08T19:00:52","modified_gmt":"2025-12-08T17:00:52","slug":"avail-microcast-spool-aldebaran-mg","status":"publish","type":"product","link":"https:\/\/roulementcasting.com\/en\/product\/avail-microcast-spool-aldebaran-mg\/","title":{"rendered":"Microcast Spool available for the Aldebaran MG"},"content":{"rendered":"<h1 style=\"text-align: center;\">Avail Microcast Spool<\/h1>\n<h2 style=\"text-align: center;\">ALD0916A<\/h2>\n<p>&nbsp;<\/p>\n<p>Avail has developed the Microcast Spool ALD0916A to make the Aldebaran MG\/MG7 a top performer with light lures. The Ultra Shallow is the ideal spool for finesse bait fishing.<\/p>\n<p>Weight: 7.5 g<\/p>\n<p>Capacity: 50 m \/ 0.229 mm<\/p>\n<p>Compatible with: Shimano Aldebaran MG \/ MG7, 10\u2033 Scorpion XT 1001, Curado 51E, Chronarch 51E<\/p>\n<p>Colour: Red<\/p>\n<p>The Avail Microcast Spool can be paired with the Microcast Brake (sold separately) for optimum performance.<\/p>\n<p><a href=\"http:\/\/roulementcasting.com\/wp-content\/uploads\/2013\/05\/Microcast-Brake.jpg\"><img fetchpriority=\"high\" decoding=\"async\" class=\"aligncenter size-full wp-image-1675\" src=\"http:\/\/roulementcasting.com\/wp-content\/uploads\/2013\/05\/Microcast-Brake.jpg\" alt=\"Microcast Brake\" width=\"400\" height=\"300\" srcset=\"https:\/\/roulementcasting.com\/wp-content\/uploads\/2013\/05\/Microcast-Brake.jpg 400w, https:\/\/roulementcasting.com\/wp-content\/uploads\/2013\/05\/Microcast-Brake-300x225.jpg 300w, https:\/\/roulementcasting.com\/wp-content\/uploads\/2013\/05\/Microcast-Brake-80x60.jpg 80w, https:\/\/roulementcasting.com\/wp-content\/uploads\/2013\/05\/Microcast-Brake-120x90.jpg 120w\" sizes=\"(max-width: 400px) 100vw, 400px\" \/><\/a><br \/>\n<a href=\"http:\/\/roulementcasting.com\/wp-content\/uploads\/2013\/05\/MicroCast-Brake5.jpg\"><img decoding=\"async\" class=\"aligncenter size-full wp-image-1683\" src=\"http:\/\/roulementcasting.com\/wp-content\/uploads\/2013\/05\/MicroCast-Brake5.jpg\" alt=\"MicroCast Brake5\" width=\"400\" height=\"300\" srcset=\"https:\/\/roulementcasting.com\/wp-content\/uploads\/2013\/05\/MicroCast-Brake5.jpg 400w, https:\/\/roulementcasting.com\/wp-content\/uploads\/2013\/05\/MicroCast-Brake5-300x225.jpg 300w\" sizes=\"(max-width: 400px) 100vw, 400px\" \/><\/a> <a href=\"http:\/\/roulementcasting.com\/wp-content\/uploads\/2013\/05\/microcast-brake-6.jpg\"><img decoding=\"async\" class=\"aligncenter size-full wp-image-1682\" src=\"http:\/\/roulementcasting.com\/wp-content\/uploads\/2013\/05\/microcast-brake-6.jpg\" alt=\"microcast brake 6\" width=\"400\" height=\"300\" srcset=\"https:\/\/roulementcasting.com\/wp-content\/uploads\/2013\/05\/microcast-brake-6.jpg 400w, https:\/\/roulementcasting.com\/wp-content\/uploads\/2013\/05\/microcast-brake-6-300x225.jpg 300w\" sizes=\"(max-width: 400px) 100vw, 400px\" \/><\/a> <a href=\"http:\/\/roulementcasting.com\/wp-content\/uploads\/2013\/05\/microcast-brake-7.jpg\"><img loading=\"lazy\" decoding=\"async\" class=\"aligncenter size-full wp-image-1681\" src=\"http:\/\/roulementcasting.com\/wp-content\/uploads\/2013\/05\/microcast-brake-7.jpg\" alt=\"microcast brake 7\" width=\"400\" height=\"300\" srcset=\"https:\/\/roulementcasting.com\/wp-content\/uploads\/2013\/05\/microcast-brake-7.jpg 400w, https:\/\/roulementcasting.com\/wp-content\/uploads\/2013\/05\/microcast-brake-7-300x225.jpg 300w\" sizes=\"(max-width: 400px) 100vw, 400px\" \/><\/a><\/p>\n<p>Or the reel can be fitted with the SVS system (to be taken from the original reel)<\/p>\n<p><a href=\"http:\/\/roulementcasting.com\/wp-content\/uploads\/2013\/05\/SVS.jpg\"><img loading=\"lazy\" decoding=\"async\" class=\"aligncenter size-full wp-image-1686\" src=\"http:\/\/roulementcasting.com\/wp-content\/uploads\/2013\/05\/SVS.jpg\" alt=\"SVS\" width=\"400\" height=\"300\" srcset=\"https:\/\/roulementcasting.com\/wp-content\/uploads\/2013\/05\/SVS.jpg 400w, https:\/\/roulementcasting.com\/wp-content\/uploads\/2013\/05\/SVS-300x225.jpg 300w\" sizes=\"(max-width: 400px) 100vw, 400px\" \/><\/a> <a href=\"http:\/\/roulementcasting.com\/wp-content\/uploads\/2013\/05\/SVS1.jpg\"><img loading=\"lazy\" decoding=\"async\" class=\"aligncenter size-full wp-image-1685\" src=\"http:\/\/roulementcasting.com\/wp-content\/uploads\/2013\/05\/SVS1.jpg\" alt=\"SVS1\" width=\"400\" height=\"300\" srcset=\"https:\/\/roulementcasting.com\/wp-content\/uploads\/2013\/05\/SVS1.jpg 400w, https:\/\/roulementcasting.com\/wp-content\/uploads\/2013\/05\/SVS1-300x225.jpg 300w\" sizes=\"(max-width: 400px) 100vw, 400px\" \/><\/a> <a href=\"http:\/\/roulementcasting.com\/wp-content\/uploads\/2013\/05\/SVS2.jpg\"><img loading=\"lazy\" decoding=\"async\" class=\"aligncenter size-full wp-image-1684\" src=\"http:\/\/roulementcasting.com\/wp-content\/uploads\/2013\/05\/SVS2.jpg\" alt=\"SVS2\" width=\"400\" height=\"300\" srcset=\"https:\/\/roulementcasting.com\/wp-content\/uploads\/2013\/05\/SVS2.jpg 400w, https:\/\/roulementcasting.com\/wp-content\/uploads\/2013\/05\/SVS2-300x225.jpg 300w\" sizes=\"(max-width: 400px) 100vw, 400px\" \/><\/a><\/p>\n<p>&nbsp;<\/p>\n<p>Please note: Ultra-light reels are designed for use with light lines. We do not recommend using high-tensile lines, as this may damage the reel.<\/p>","protected":false},"excerpt":{"rendered":"<p>Avail Microcast Spool ALD0916A &nbsp; Avail \u00e0 mis au point la Microcast Spool ALD0916A pour rendre l&rsquo;aldebaran MG\/MG7 ultra performant sur les leurres l\u00e9gers. Ultra Shallow c&rsquo;est la bobine id\u00e9al pour le Bait finesse. Poids : 7,5gr Capacit\u00e9 : 50m \/ 0,229mm Compatible : Shimano Aldebaran MG \/ MG7 , \u00a010&Prime;\u00a0Scorpion XT 1001, Curado 51E, [&hellip;]<\/p>\n","protected":false},"featured_media":1680,"comment_status":"open","ping_status":"closed","template":"","meta":{"_acf_changed":false},"product_brand":[],"product_cat":[344],"product_tag":[],"class_list":{"0":"post-1678","1":"product","2":"type-product","3":"status-publish","4":"has-post-thumbnail","6":"product_cat-piece-de-rechange","7":"product_shipping_class-colissimo","9":"first","10":"outofstock","11":"taxable","12":"shipping-taxable","13":"purchasable","14":"product-type-simple"},"bundle_layout":"","bundled_by":[],"bundled_items":[],"acf":[],"_links":{"self":[{"href":"https:\/\/roulementcasting.com\/en\/wp-json\/wp\/v2\/product\/1678","targetHints":{"allow":["GET"]}}],"collection":[{"href":"https:\/\/roulementcasting.com\/en\/wp-json\/wp\/v2\/product"}],"about":[{"href":"https:\/\/roulementcasting.com\/en\/wp-json\/wp\/v2\/types\/product"}],"replies":[{"embeddable":true,"href":"https:\/\/roulementcasting.com\/en\/wp-json\/wp\/v2\/comments?post=1678"}],"version-history":[{"count":0,"href":"https:\/\/roulementcasting.com\/en\/wp-json\/wp\/v2\/product\/1678\/revisions"}],"wp:featuredmedia":[{"embeddable":true,"href":"https:\/\/roulementcasting.com\/en\/wp-json\/wp\/v2\/media\/1680"}],"wp:attachment":[{"href":"https:\/\/roulementcasting.com\/en\/wp-json\/wp\/v2\/media?parent=1678"}],"wp:term":[{"taxonomy":"product_brand","embeddable":true,"href":"https:\/\/roulementcasting.com\/en\/wp-json\/wp\/v2\/product_brand?post=1678"},{"taxonomy":"product_cat","embeddable":true,"href":"https:\/\/roulementcasting.com\/en\/wp-json\/wp\/v2\/product_cat?post=1678"},{"taxonomy":"product_tag","embeddable":true,"href":"https:\/\/roulementcasting.com\/en\/wp-json\/wp\/v2\/product_tag?post=1678"}],"curies":[{"name":"wp","href":"https:\/\/api.w.org\/{rel}","templated":true}]}}