{"id":1636,"date":"2013-05-14T16:13:40","date_gmt":"2013-05-14T14:13:40","guid":{"rendered":"http:\/\/roulementcasting.com\/?post_type=product&#038;p=1636"},"modified":"2025-12-15T18:26:21","modified_gmt":"2025-12-15T16:26:21","slug":"shimano-aldebaran-bfs-xg-left","status":"publish","type":"product","link":"https:\/\/roulementcasting.com\/en\/product\/shimano-aldebaran-bfs-xg-left\/","title":{"rendered":"Shimano 13&prime; Aldebaran BFS XG"},"content":{"rendered":"<h1 style=\"text-align: center;\">Shimano Aldebaran<\/h1>\n<h1 style=\"text-align: center;\">BFS XG<\/h1>\n<p>L&rsquo;aldebaran BFS XG est le moulinet casting le plus performant pour le Bait Finesse cr\u00e9e par shimano \u00a0et l&rsquo;un des meilleurs toutes marques confondues pour cette technique. Il est capable de lancer sans difficult\u00e9 des leurres de 2,5gr. Shimano a radicalement modifi\u00e9 l&rsquo;Aldebaran (version japonaise du Core) afin d&rsquo;obtenir le moulinet le plus l\u00e9ger mis au point par la firme avec seulement 145gr.<br \/>\n<img fetchpriority=\"high\" decoding=\"async\" class=\"aligncenter size-full wp-image-1633\" src=\"http:\/\/roulementcasting.com\/wp-content\/uploads\/2013\/05\/Aldebaran-BFS-XG.jpg\" alt=\"Aldebaran BFS XG\" width=\"488\" height=\"488\" srcset=\"https:\/\/roulementcasting.com\/wp-content\/uploads\/2013\/05\/Aldebaran-BFS-XG.jpg 488w, https:\/\/roulementcasting.com\/wp-content\/uploads\/2013\/05\/Aldebaran-BFS-XG-12x12.jpg 12w, https:\/\/roulementcasting.com\/wp-content\/uploads\/2013\/05\/Aldebaran-BFS-XG-150x150.jpg 150w, https:\/\/roulementcasting.com\/wp-content\/uploads\/2013\/05\/Aldebaran-BFS-XG-300x300.jpg 300w, https:\/\/roulementcasting.com\/wp-content\/uploads\/2013\/05\/Aldebaran-BFS-XG-350x350.jpg 350w, https:\/\/roulementcasting.com\/wp-content\/uploads\/2013\/05\/Aldebaran-BFS-XG-442x442.jpg 442w, https:\/\/roulementcasting.com\/wp-content\/uploads\/2013\/05\/Aldebaran-BFS-XG-100x100.jpg 100w, https:\/\/roulementcasting.com\/wp-content\/uploads\/2013\/05\/Aldebaran-BFS-XG-60x60.jpg 60w, https:\/\/roulementcasting.com\/wp-content\/uploads\/2013\/05\/Aldebaran-BFS-XG-90x90.jpg 90w\" sizes=\"(max-width: 488px) 100vw, 488px\" \/><\/p>\n<h3>Shimano \u00ab\u00a0CORE FIT BODY\u00a0\u00bb<\/h3>\n<p>Shimano a repens\u00e9 le design de l&rsquo;Aldebran afin d&rsquo;optimiser sa prise en main et son \u00e9quilibre sur la canne. Le Design exclusif \u00ab\u00a0Core Fit Body\u00a0\u00bb voit le bouton du frein de friction d\u00e9plac\u00e9 cot\u00e9 Sideplate afin de rapprocher au maximum la manivelle du\u00a0b\u00e2ti\u00a0(seulement 8,5cm de large).<br \/>\n<img decoding=\"async\" class=\"aligncenter size-full wp-image-1634\" src=\"http:\/\/roulementcasting.com\/wp-content\/uploads\/2013\/05\/Aldebaran-XG-Core-fit-body.jpg\" alt=\"Aldebaran XG Core fit body\" width=\"488\" height=\"488\" srcset=\"https:\/\/roulementcasting.com\/wp-content\/uploads\/2013\/05\/Aldebaran-XG-Core-fit-body.jpg 488w, https:\/\/roulementcasting.com\/wp-content\/uploads\/2013\/05\/Aldebaran-XG-Core-fit-body-12x12.jpg 12w, https:\/\/roulementcasting.com\/wp-content\/uploads\/2013\/05\/Aldebaran-XG-Core-fit-body-150x150.jpg 150w, https:\/\/roulementcasting.com\/wp-content\/uploads\/2013\/05\/Aldebaran-XG-Core-fit-body-300x300.jpg 300w, https:\/\/roulementcasting.com\/wp-content\/uploads\/2013\/05\/Aldebaran-XG-Core-fit-body-350x350.jpg 350w, https:\/\/roulementcasting.com\/wp-content\/uploads\/2013\/05\/Aldebaran-XG-Core-fit-body-442x442.jpg 442w, https:\/\/roulementcasting.com\/wp-content\/uploads\/2013\/05\/Aldebaran-XG-Core-fit-body-100x100.jpg 100w\" sizes=\"(max-width: 488px) 100vw, 488px\" \/><\/p>\n<h3>8.0:1 \/ 145gr<\/h3>\n<p>Avec ses 145gr l&rsquo;Aldebaran BFS fait parti des moulinets les plus l\u00e9ger jamais mis au point.<br \/>\nSp\u00e9cialement con\u00e7u pour le Bait Finesse, l&rsquo;Aldebran BFS propose un ratio de 80cm par tour de manivelle.<br \/>\n<img decoding=\"async\" class=\"aligncenter size-full wp-image-1635\" src=\"http:\/\/roulementcasting.com\/wp-content\/uploads\/2013\/05\/Aldebran-XG-ratio-poids.jpg\" alt=\"Aldebran XG ratio-poids\" width=\"488\" height=\"488\" srcset=\"https:\/\/roulementcasting.com\/wp-content\/uploads\/2013\/05\/Aldebran-XG-ratio-poids.jpg 488w, https:\/\/roulementcasting.com\/wp-content\/uploads\/2013\/05\/Aldebran-XG-ratio-poids-12x12.jpg 12w, https:\/\/roulementcasting.com\/wp-content\/uploads\/2013\/05\/Aldebran-XG-ratio-poids-150x150.jpg 150w, https:\/\/roulementcasting.com\/wp-content\/uploads\/2013\/05\/Aldebran-XG-ratio-poids-300x300.jpg 300w, https:\/\/roulementcasting.com\/wp-content\/uploads\/2013\/05\/Aldebran-XG-ratio-poids-350x350.jpg 350w, https:\/\/roulementcasting.com\/wp-content\/uploads\/2013\/05\/Aldebran-XG-ratio-poids-442x442.jpg 442w, https:\/\/roulementcasting.com\/wp-content\/uploads\/2013\/05\/Aldebran-XG-ratio-poids-100x100.jpg 100w\" sizes=\"(max-width: 488px) 100vw, 488px\" \/><\/p>\n<h3>Etoile de Frein repens\u00e9e<\/h3>\n<p>Le Bait Finesse impose l&rsquo;utilisation de ligne l\u00e9g\u00e8re, l&rsquo;utilisation du frein est donc primordiale. Afin de rendre les r\u00e9glages plus rapide et plus pr\u00e9cis, Shimano \u00e0 cr\u00e9e une nouvelle \u00e9toile de frein compos\u00e9e non plus de 5 mais de 6 bras.<br \/>\n<img loading=\"lazy\" decoding=\"async\" class=\"aligncenter size-full wp-image-1632\" src=\"http:\/\/roulementcasting.com\/wp-content\/uploads\/2013\/05\/Aldeabran-XG-Frein-exclusif.jpg\" alt=\"Aldeabran XG Frein exclusif\" width=\"488\" height=\"488\" srcset=\"https:\/\/roulementcasting.com\/wp-content\/uploads\/2013\/05\/Aldeabran-XG-Frein-exclusif.jpg 488w, https:\/\/roulementcasting.com\/wp-content\/uploads\/2013\/05\/Aldeabran-XG-Frein-exclusif-12x12.jpg 12w, https:\/\/roulementcasting.com\/wp-content\/uploads\/2013\/05\/Aldeabran-XG-Frein-exclusif-150x150.jpg 150w, https:\/\/roulementcasting.com\/wp-content\/uploads\/2013\/05\/Aldeabran-XG-Frein-exclusif-300x300.jpg 300w, https:\/\/roulementcasting.com\/wp-content\/uploads\/2013\/05\/Aldeabran-XG-Frein-exclusif-350x350.jpg 350w, https:\/\/roulementcasting.com\/wp-content\/uploads\/2013\/05\/Aldeabran-XG-Frein-exclusif-442x442.jpg 442w, https:\/\/roulementcasting.com\/wp-content\/uploads\/2013\/05\/Aldeabran-XG-Frein-exclusif-100x100.jpg 100w\" sizes=\"(max-width: 488px) 100vw, 488px\" \/><\/p>\n<h3>Bobine Speciale Bait Finesse \/ SVS<\/h3>\n<p>Le Bait Finesse implique l&rsquo;utilisation d&rsquo;une bobine ultra l\u00e9g\u00e8re \u00e0 faible contenance afin de propulser les leurres les plus l\u00e9gers.<br \/>\nL&rsquo;aldebaran BFS est \u00e9quip\u00e9 en standard de la nouvelle bobine BFS \u00a0en magn\u00e9sium mise au point par Shimano Japan.<br \/>\nLe Syst\u00e8me de frein SVS \u00e0 \u00e9t\u00e9 revu avec un nombre de massellotte accru passant de 6 \u00e0 8 afin de permettre des r\u00e9glages plus pr\u00e9cis et de diminuer le poids de chaque massellote.<br \/>\n<img loading=\"lazy\" decoding=\"async\" class=\"aligncenter size-full wp-image-1637\" src=\"http:\/\/roulementcasting.com\/wp-content\/uploads\/2013\/05\/Bobine-BFS.jpg\" alt=\"Bobine BFS\" width=\"488\" height=\"488\" srcset=\"https:\/\/roulementcasting.com\/wp-content\/uploads\/2013\/05\/Bobine-BFS.jpg 488w, https:\/\/roulementcasting.com\/wp-content\/uploads\/2013\/05\/Bobine-BFS-12x12.jpg 12w, https:\/\/roulementcasting.com\/wp-content\/uploads\/2013\/05\/Bobine-BFS-150x150.jpg 150w, https:\/\/roulementcasting.com\/wp-content\/uploads\/2013\/05\/Bobine-BFS-300x300.jpg 300w, https:\/\/roulementcasting.com\/wp-content\/uploads\/2013\/05\/Bobine-BFS-350x350.jpg 350w, https:\/\/roulementcasting.com\/wp-content\/uploads\/2013\/05\/Bobine-BFS-442x442.jpg 442w, https:\/\/roulementcasting.com\/wp-content\/uploads\/2013\/05\/Bobine-BFS-100x100.jpg 100w\" sizes=\"(max-width: 488px) 100vw, 488px\" \/><\/p>\n<p>&nbsp;<\/p>\n<p>Vous pouvez voir des vid\u00e9os de l&rsquo;Aldebaran BFS en action sur la <a href=\"http:\/\/tv.shimano.co.jp\/movie\/original\/tsurikibun_110\/\" target=\"_blank\" rel=\"noopener\">Shimano TV<\/a><\/p>","protected":false},"excerpt":{"rendered":"<ul>\n<li>Mod\u00e8le Exclusivement r\u00e9serv\u00e9 au march\u00e9 Japonais<\/li>\n<li>BFS Brake System SVS 8<\/li>\n<li>Bobine Bait Finesse ultra l\u00e9g\u00e8re en magnesium (0.235mm\/75m)<\/li>\n<li>Etoile de frein Microm\u00e9trique \u00e0 6 bras<\/li>\n<li>Ratio de 8.0:1<\/li>\n<li>B\u00e2ti en Magnesium et Ci4<\/li>\n<li>145 grammes<\/li>\n<li>9+1 roulements<\/li>\n<li>Super Free Spool<\/li>\n<li>Frein :\u00a03,5Kg<\/li>\n<\/ul>","protected":false},"featured_media":1633,"comment_status":"open","ping_status":"closed","template":"","meta":{"_acf_changed":false},"product_brand":[1824],"product_cat":[1882],"product_tag":[],"class_list":{"0":"post-1636","1":"product","2":"type-product","3":"status-publish","4":"has-post-thumbnail","6":"product_brand-shimano","7":"product_cat-moulinet-archive","8":"product_shipping_class-colissimo-avec-assurance","9":"pa_aldebaran-bfs-xg-left-manivelle-a-gauche","10":"pa_aldebaran-bfs-xg-right-manivelle-a-droite","12":"first","13":"outofstock","14":"taxable","15":"shipping-taxable","16":"product-type-simple"},"bundle_layout":"","bundled_by":[],"bundled_items":[],"acf":[],"_links":{"self":[{"href":"https:\/\/roulementcasting.com\/en\/wp-json\/wp\/v2\/product\/1636","targetHints":{"allow":["GET"]}}],"collection":[{"href":"https:\/\/roulementcasting.com\/en\/wp-json\/wp\/v2\/product"}],"about":[{"href":"https:\/\/roulementcasting.com\/en\/wp-json\/wp\/v2\/types\/product"}],"replies":[{"embeddable":true,"href":"https:\/\/roulementcasting.com\/en\/wp-json\/wp\/v2\/comments?post=1636"}],"version-history":[{"count":1,"href":"https:\/\/roulementcasting.com\/en\/wp-json\/wp\/v2\/product\/1636\/revisions"}],"predecessor-version":[{"id":28417,"href":"https:\/\/roulementcasting.com\/en\/wp-json\/wp\/v2\/product\/1636\/revisions\/28417"}],"wp:featuredmedia":[{"embeddable":true,"href":"https:\/\/roulementcasting.com\/en\/wp-json\/wp\/v2\/media\/1633"}],"wp:attachment":[{"href":"https:\/\/roulementcasting.com\/en\/wp-json\/wp\/v2\/media?parent=1636"}],"wp:term":[{"taxonomy":"product_brand","embeddable":true,"href":"https:\/\/roulementcasting.com\/en\/wp-json\/wp\/v2\/product_brand?post=1636"},{"taxonomy":"product_cat","embeddable":true,"href":"https:\/\/roulementcasting.com\/en\/wp-json\/wp\/v2\/product_cat?post=1636"},{"taxonomy":"product_tag","embeddable":true,"href":"https:\/\/roulementcasting.com\/en\/wp-json\/wp\/v2\/product_tag?post=1636"}],"curies":[{"name":"wp","href":"https:\/\/api.w.org\/{rel}","templated":true}]}}