{"id":1483,"date":"2013-03-25T19:34:56","date_gmt":"2013-03-25T17:34:56","guid":{"rendered":"http:\/\/roulementcasting.com\/?post_type=product&#038;p=1483"},"modified":"2026-04-02T01:54:45","modified_gmt":"2026-04-01T23:54:45","slug":"hedgehog-studio-air-ceramic","status":"publish","type":"product","link":"https:\/\/roulementcasting.com\/en\/product\/hedgehog-studio-air-ceramic\/","title":{"rendered":"HedgeHog \u2018Kattobi\u2019 AIR Ceramic Bearings"},"content":{"rendered":"<p><img fetchpriority=\"high\" decoding=\"async\" class=\"aligncenter size-full wp-image-1506\" src=\"\/wp-content\/uploads\/2013\/03\/Kattobi-AIR-Bearings.jpg\" alt=\"Kattobi-AIR-Bearings\" width=\"600\" height=\"222\" srcset=\"https:\/\/roulementcasting.com\/wp-content\/uploads\/2013\/03\/Kattobi-AIR-Bearings.jpg 600w, https:\/\/roulementcasting.com\/wp-content\/uploads\/2013\/03\/Kattobi-AIR-Bearings-300x111.jpg 300w, https:\/\/roulementcasting.com\/wp-content\/uploads\/2013\/03\/Kattobi-AIR-Bearings-442x164.jpg 442w\" sizes=\"(max-width: 600px) 100vw, 600px\" \/><\/p>\n<p>HedgeHog Studio a r\u00e9ussi \u00e0 mettre au point les premiers roulements hybride c\u00e9ramiques Micro billes. La conception de ces bijoux de pr\u00e9cision fut un v\u00e9ritable casse t\u00eate pour contourner les contraintes\u00a0qu\u2019entra\u00eenent l&rsquo;utilisation de micro billes en c\u00e9ramiques.<\/p>\n<p>Les roulements AIR utilisent les billes en c\u00e9ramique les plus petites du march\u00e9 pour les roulements de bobines. Les billes sont tellement petites qu&rsquo;ils en utilisent 8 l\u00e0 ou les roulements \u00ab\u00a0micro billes\u00a0\u00bb de la concurrence n&rsquo;en utilisent que 6.<\/p>\n<p>Sp\u00e9cialement d\u00e9velopp\u00e9 pour le Bait Finesse les roulements AIR Bearings sont aujourd&rsquo;hui ce qui ce fait de mieux pour cette technique. La r\u00e9duction de la taille des billes c\u00e9ramiques a pour but de r\u00e9duire la surface en contact et ainsi limiter les frottements au minimum pour une mise en rotation\u00a0extr\u00eamement\u00a0rapide avec des poids tr\u00e8s l\u00e9gers.\u00a0La plage d&rsquo;utilisation des AIR ce situe entre 1g et 28g.<\/p>\n<p><img decoding=\"async\" class=\"aligncenter size-full wp-image-1508\" src=\"\/wp-content\/uploads\/2013\/03\/Micro-billes-AIR.png\" alt=\"Micro-billes-AIR\" width=\"570\" height=\"315\" srcset=\"https:\/\/roulementcasting.com\/wp-content\/uploads\/2013\/03\/Micro-billes-AIR.png 570w, https:\/\/roulementcasting.com\/wp-content\/uploads\/2013\/03\/Micro-billes-AIR-300x166.png 300w, https:\/\/roulementcasting.com\/wp-content\/uploads\/2013\/03\/Micro-billes-AIR-442x244.png 442w\" sizes=\"(max-width: 570px) 100vw, 570px\" \/><\/p>\n<p>Les roulements AIR peuvent \u00eatre utilis\u00e9s secs mais pour une plus grande douceur et une dur\u00e9e de vie plus longue l&rsquo;<a title=\"HedgeHog Studio Alchemy Oil UL\" href=\"\/produit\/hedgehog-studio-alchemy-oil\/\">Alchemy Oil d&rsquo;HedgeHog Studio<\/a> est fortement recommand\u00e9e.<br \/>\nDans le cas d&rsquo;une utilisation d&rsquo;une autre huile il est capital de choisir une huile \u00e0 faible\u00a0viscosit\u00e9\u00a0sous peine de r\u00e9duire les performances des roulements.<\/p>\n<p>Les Air contiennent une autre innovation majeure, leur protection. En effet les ing\u00e9nieurs d&rsquo;HedgeHog Studio ont r\u00e9ussi a faire une cage monobloc incluant la protection. L&rsquo;absence de joint offre\u00a0une protection optimale tout en rigidifiant la structure du roulement. La face arri\u00e8re est ouverte pour un entretien facile.<\/p>\n<p>ATTENTION : Les roulements AIR \u00ab\u00a0Kattobi\u00a0\u00bb sont sp\u00e9cialement con\u00e7us pour le Bait Finesse et les p\u00eaches l\u00e9g\u00e8res. Ils ne peuvent pas \u00eatre utilis\u00e9s pour les p\u00eaches lourdes ou sur des poids sup\u00e9rieurs \u00e0 1 oz (28gr).<\/p>\n<p>[flat_button text=\u00a0\u00bb1030 AIR &#038; 1030 AIR\u00a0\u00bb title=\u00a0\u00bb1030 AIR &#038; 1030 AIR\u00a0\u00bb url=\u00a0\u00bb\/produit\/hedgehog-kattobi-air-kit-bobine-01\/\u00a0\u00bb padding=\u00a0\u00bb10px 20px\u00a0\u00bb bg_color=\u00a0\u00bbtransparent\u00a0\u00bb border_color=\u00a0\u00bb#ff5c00&Prime; border_width=\u00a0\u00bb1px\u00a0\u00bb text_color=\u00a0\u00bb#000000&Prime; text_size=\u00a0\u00bb16px\u00a0\u00bb align=\u00a0\u00bbleft\u00a0\u00bb target=\u00a0\u00bb_self\u00a0\u00bb]<\/p>\n<p>[flat_button text=\u00a0\u00bb1150 AIR &#038; 1030 AIR\u00a0\u00bb title=\u00a0\u00bb1150 AIR &#038; 1030 AIR\u00a0\u00bb url=\u00a0\u00bb\/produit\/hedgehog-kattobi-air-kit-bobine-02\/\u00a0\u00bb padding=\u00a0\u00bb10px 20px\u00a0\u00bb bg_color=\u00a0\u00bbtransparent\u00a0\u00bb border_color=\u00a0\u00bb#ff5c00&Prime; border_width=\u00a0\u00bb1px\u00a0\u00bb text_color=\u00a0\u00bb#000000&Prime; text_size=\u00a0\u00bb16px\u00a0\u00bb align=\u00a0\u00bbleft\u00a0\u00bb target=\u00a0\u00bb_self\u00a0\u00bb]<\/p>\n<p>[flat_button text=\u00a0\u00bb1150 AIR &#038; 830 AIR\u00a0\u00bb title=\u00a0\u00bb1150 AIR &#038; 830 AIR\u00a0\u00bb url=\u00a0\u00bb\/produit\/hedgehog-kattobi-air-kit-bobine-03\/\u00a0\u00bb padding=\u00a0\u00bb10px 20px\u00a0\u00bb bg_color=\u00a0\u00bbtransparent\u00a0\u00bb border_color=\u00a0\u00bb#ff5c00&Prime; border_width=\u00a0\u00bb1px\u00a0\u00bb text_color=\u00a0\u00bb#000000&Prime; text_size=\u00a0\u00bb16px\u00a0\u00bb align=\u00a0\u00bbleft\u00a0\u00bb target=\u00a0\u00bb_self\u00a0\u00bb]<\/p>\n<p>[flat_button text=\u00a0\u00bb1030 AIR &#038; 830 AIR\u00a0\u00bb title=\u00a0\u00bb1030 AIR &#038; 830 AIR\u00a0\u00bb url=\u00a0\u00bb\/produit\/hedgehog-kattobi-air-kit-bobine-06\/\u00a0\u00bb padding=\u00a0\u00bb10px 20px\u00a0\u00bb bg_color=\u00a0\u00bbtransparent\u00a0\u00bb border_color=\u00a0\u00bb#ff5c00&Prime; border_width=\u00a0\u00bb1px\u00a0\u00bb text_color=\u00a0\u00bb#000000&Prime; text_size=\u00a0\u00bb16px\u00a0\u00bb align=\u00a0\u00bbleft\u00a0\u00bb target=\u00a0\u00bb_self\u00a0\u00bb]<\/p>\n<p>[flat_button text=\u00a0\u00bb1030 AIR &#038; 730 AIR\u00a0\u00bb title=\u00a0\u00bb1030 AIR &#038; 730 AIR\u00a0\u00bb url=\u00a0\u00bb\/produit\/hedgehog-kattobi-air-kit-bobine-08\/\u00a0\u00bb padding=\u00a0\u00bb10px 20px\u00a0\u00bb bg_color=\u00a0\u00bbtransparent\u00a0\u00bb border_color=\u00a0\u00bb#ff5c00&Prime; border_width=\u00a0\u00bb1px\u00a0\u00bb text_color=\u00a0\u00bb#000000&Prime; text_size=\u00a0\u00bb16px\u00a0\u00bb align=\u00a0\u00bbleft\u00a0\u00bb target=\u00a0\u00bb_self\u00a0\u00bb]<\/p>\n<p>[flat_button text=\u00a0\u00bb730 AIR &#038; 730 AIR\u00a0\u00bb title=\u00a0\u00bb730 AIR &#038; 730 AIR\u00a0\u00bb url=\u00a0\u00bb\/produit\/hedgehog-kattobi-air-kit-bobine-10\/\u00a0\u00bb padding=\u00a0\u00bb10px 20px\u00a0\u00bb bg_color=\u00a0\u00bbtransparent\u00a0\u00bb border_color=\u00a0\u00bb#ff5c00&Prime; border_width=\u00a0\u00bb1px\u00a0\u00bb text_color=\u00a0\u00bb#000000&Prime; text_size=\u00a0\u00bb16px\u00a0\u00bb align=\u00a0\u00bbleft\u00a0\u00bb target=\u00a0\u00bb_self\u00a0\u00bb]<\/p>\n<p>[flat_button text=\u00a0\u00bb830 AIR &#038; 830 AIR\u00a0\u00bb title=\u00a0\u00bb830 AIR &#038; 830 AIR\u00a0\u00bb url=\u00a0\u00bb\/produit\/hedgehog-kattobi-air-kit-bobine-11\/\u00a0\u00bb padding=\u00a0\u00bb10px 20px\u00a0\u00bb bg_color=\u00a0\u00bbtransparent\u00a0\u00bb border_color=\u00a0\u00bb#ff5c00&Prime; border_width=\u00a0\u00bb1px\u00a0\u00bb text_color=\u00a0\u00bb#000000&Prime; text_size=\u00a0\u00bb16px\u00a0\u00bb align=\u00a0\u00bbleft\u00a0\u00bb target=\u00a0\u00bb_self\u00a0\u00bb]<\/p>\n","protected":false},"excerpt":{"rendered":"<p>[rev_slider alias=\u00a0\u00bbslider-4&Prime;][\/rev_slider]<\/p>\n","protected":false},"featured_media":1507,"comment_status":"open","ping_status":"closed","template":"","meta":{"_acf_changed":false},"product_brand":[1823],"product_cat":[97],"product_tag":[],"class_list":{"0":"post-1483","1":"product","2":"type-product","3":"status-publish","4":"has-post-thumbnail","6":"product_brand-hedgehog-studio","7":"product_cat-roulements","8":"product_shipping_class-lettre-suivie","10":"first","11":"instock","12":"taxable","13":"shipping-taxable","14":"product-type-external"},"bundle_layout":"","bundled_by":[],"bundled_items":[],"acf":[],"_links":{"self":[{"href":"https:\/\/roulementcasting.com\/en\/wp-json\/wp\/v2\/product\/1483","targetHints":{"allow":["GET"]}}],"collection":[{"href":"https:\/\/roulementcasting.com\/en\/wp-json\/wp\/v2\/product"}],"about":[{"href":"https:\/\/roulementcasting.com\/en\/wp-json\/wp\/v2\/types\/product"}],"replies":[{"embeddable":true,"href":"https:\/\/roulementcasting.com\/en\/wp-json\/wp\/v2\/comments?post=1483"}],"version-history":[{"count":2,"href":"https:\/\/roulementcasting.com\/en\/wp-json\/wp\/v2\/product\/1483\/revisions"}],"predecessor-version":[{"id":30591,"href":"https:\/\/roulementcasting.com\/en\/wp-json\/wp\/v2\/product\/1483\/revisions\/30591"}],"wp:featuredmedia":[{"embeddable":true,"href":"https:\/\/roulementcasting.com\/en\/wp-json\/wp\/v2\/media\/1507"}],"wp:attachment":[{"href":"https:\/\/roulementcasting.com\/en\/wp-json\/wp\/v2\/media?parent=1483"}],"wp:term":[{"taxonomy":"product_brand","embeddable":true,"href":"https:\/\/roulementcasting.com\/en\/wp-json\/wp\/v2\/product_brand?post=1483"},{"taxonomy":"product_cat","embeddable":true,"href":"https:\/\/roulementcasting.com\/en\/wp-json\/wp\/v2\/product_cat?post=1483"},{"taxonomy":"product_tag","embeddable":true,"href":"https:\/\/roulementcasting.com\/en\/wp-json\/wp\/v2\/product_tag?post=1483"}],"curies":[{"name":"wp","href":"https:\/\/api.w.org\/{rel}","templated":true}]}}