{"id":1479,"date":"2013-03-25T16:45:45","date_gmt":"2013-03-25T14:45:45","guid":{"rendered":"http:\/\/roulementcasting.com\/?post_type=product&#038;p=1479"},"modified":"2026-04-07T17:32:41","modified_gmt":"2026-04-07T15:32:41","slug":"hedgehog-studio-alchemy-oil","status":"publish","type":"product","link":"https:\/\/roulementcasting.com\/en\/product\/hedgehog-studio-alchemy-oil\/","title":{"rendered":"HedgeHog Studio Alchemy Ultra Light Oil"},"content":{"rendered":"<p>Alchemy Oil is the ultimate oil for enhancing performance and protecting high-precision ball bearings. Its unique texture makes it highly stable, allowing it to adhere to the bearings and provide maximum lubrication to minimise friction. An ultra-thin layer of oil coats the balls and cages for ultra-smooth rotation over a long period. Thanks to its highly stable chemical formula, hedgeHog Studio\u2019s Alchemy Oil does not thicken, even in the depths of winter. Its water and rust protection properties are unrivalled compared to low-viscosity oils in the same class.<\/p>\n<p>The 0.8 mm diameter needle and its coating enable ultra-precise application.<\/p>\n<p>Each bottle is inspected individually by HedgeHog Studio.<\/p>\n<p>RoulementCasting.com has selected the <strong>Ultra-Light version<\/strong> Alchemy Oil, which pairs perfectly with HedgeHog Studio\u2019s AIR bearings.<\/p>","protected":false},"excerpt":{"rendered":"<p>L&rsquo;Alchemy Oil est l&rsquo;huile ultime pour\u00a0accro\u00eetre\u00a0les performances et\u00a0prot\u00e9ger\u00a0les roulements \u00e0 billes Haute pr\u00e9cision. Sa texture exclusive la rend tr\u00e8s peu volatile lui permet d&rsquo;adh\u00e9rer aux roulements en lui\u00a0procurant\u00a0une glisse maximum pour r\u00e9duire aux maximum les frictions. Une couche d&rsquo;huile ultra fine vient enrober les \u00a0billes et la cages pour une rotation ultra douce pendant longtemps. [&hellip;]<\/p>\n","protected":false},"featured_media":29164,"comment_status":"open","ping_status":"closed","template":"","meta":{"_acf_changed":false},"product_brand":[1823],"product_cat":[1871,1840],"product_tag":[],"class_list":{"0":"post-1479","1":"product","2":"type-product","3":"status-publish","4":"has-post-thumbnail","6":"product_brand-hedgehog-studio","7":"product_cat-faible-viscosite","8":"product_cat-huiles","9":"product_shipping_class-lettre-suivie-format-boite","11":"first","12":"instock","13":"featured","14":"taxable","15":"shipping-taxable","16":"purchasable","17":"product-type-simple"},"bundle_layout":"","bundled_by":[],"bundled_items":[],"acf":[],"_links":{"self":[{"href":"https:\/\/roulementcasting.com\/en\/wp-json\/wp\/v2\/product\/1479","targetHints":{"allow":["GET"]}}],"collection":[{"href":"https:\/\/roulementcasting.com\/en\/wp-json\/wp\/v2\/product"}],"about":[{"href":"https:\/\/roulementcasting.com\/en\/wp-json\/wp\/v2\/types\/product"}],"replies":[{"embeddable":true,"href":"https:\/\/roulementcasting.com\/en\/wp-json\/wp\/v2\/comments?post=1479"}],"version-history":[{"count":2,"href":"https:\/\/roulementcasting.com\/en\/wp-json\/wp\/v2\/product\/1479\/revisions"}],"predecessor-version":[{"id":29165,"href":"https:\/\/roulementcasting.com\/en\/wp-json\/wp\/v2\/product\/1479\/revisions\/29165"}],"wp:featuredmedia":[{"embeddable":true,"href":"https:\/\/roulementcasting.com\/en\/wp-json\/wp\/v2\/media\/29164"}],"wp:attachment":[{"href":"https:\/\/roulementcasting.com\/en\/wp-json\/wp\/v2\/media?parent=1479"}],"wp:term":[{"taxonomy":"product_brand","embeddable":true,"href":"https:\/\/roulementcasting.com\/en\/wp-json\/wp\/v2\/product_brand?post=1479"},{"taxonomy":"product_cat","embeddable":true,"href":"https:\/\/roulementcasting.com\/en\/wp-json\/wp\/v2\/product_cat?post=1479"},{"taxonomy":"product_tag","embeddable":true,"href":"https:\/\/roulementcasting.com\/en\/wp-json\/wp\/v2\/product_tag?post=1479"}],"curies":[{"name":"wp","href":"https:\/\/api.w.org\/{rel}","templated":true}]}}