{"id":1346,"date":"2013-03-03T22:11:57","date_gmt":"2013-03-03T20:11:57","guid":{"rendered":"http:\/\/roulementcasting.com\/?post_type=product&#038;p=1346"},"modified":"2026-04-06T02:11:13","modified_gmt":"2026-04-06T00:11:13","slug":"reel-glove-protection-pour-moulinet","status":"publish","type":"product","link":"https:\/\/roulementcasting.com\/en\/product\/reel-glove-protection-pour-moulinet\/","title":{"rendered":"Reel Glove Protection pour moulinet Casting"},"content":{"rendered":"<p><img fetchpriority=\"high\" decoding=\"async\" class=\"aligncenter size-full wp-image-1352\" src=\"http:\/\/roulementcasting.com\/wp-content\/uploads\/2013\/03\/Reel-Glove-Logo.png\" alt=\"Reel-Glove-Logo\" width=\"700\" height=\"179\" srcset=\"https:\/\/roulementcasting.com\/wp-content\/uploads\/2013\/03\/Reel-Glove-Logo.png 700w, https:\/\/roulementcasting.com\/wp-content\/uploads\/2013\/03\/Reel-Glove-Logo-300x77.png 300w, https:\/\/roulementcasting.com\/wp-content\/uploads\/2013\/03\/Reel-Glove-Logo-442x113.png 442w, https:\/\/roulementcasting.com\/wp-content\/uploads\/2013\/03\/Reel-Glove-Logo-600x153.png 600w\" sizes=\"(max-width: 700px) 100vw, 700px\" \/><\/p>\n<p>Apr\u00e8s avoir test\u00e9 plusieurs housses de protection pour moulinets, RoulementCasting.com a choisi\u00a0de distribuer les Reel Gloves pour leur conception et leur fabrication irr\u00e9prochables.<\/p>\n<p>&#8211; Durable<br \/>\n&#8211; Fabriqu\u00e9 \u00e0 partir de n\u00e9opr\u00e8ne \u00e9tirable de haute qualit\u00e9.<br \/>\n&#8211; Mise en place rapide m\u00eame si le moulinet est mont\u00e9 sur la canne.<br \/>\n&#8211; N&rsquo;abime pas la ligne gr\u00e2ce \u00e0 l&rsquo;ouverture au niveau du guide fil.<\/p>","protected":false},"excerpt":{"rendered":"<p>Apr\u00e8s avoir test\u00e9 plusieurs housses de protection pour moulinets, RoulementCasting.com a choisi\u00a0de distribuer les Reel Gloves pour leur conception et leur fabrication irr\u00e9prochables. &#8211; Durable &#8211; Fabriqu\u00e9 \u00e0 partir de n\u00e9opr\u00e8ne \u00e9tirable de haute qualit\u00e9. &#8211; Mise en place rapide m\u00eame si le moulinet est mont\u00e9 sur la canne. &#8211; N&rsquo;abime pas la ligne gr\u00e2ce [&hellip;]<\/p>\n","protected":false},"featured_media":25374,"comment_status":"open","ping_status":"closed","template":"","meta":{"_acf_changed":false},"product_brand":[1827],"product_cat":[1837],"product_tag":[],"class_list":{"0":"post-1346","1":"product","2":"type-product","3":"status-publish","4":"has-post-thumbnail","6":"product_brand-vrx-rod-glove","7":"product_cat-protections-moulinets","8":"product_shipping_class-lettre-suivie-format-boite","10":"first","11":"instock","12":"featured","13":"taxable","14":"shipping-taxable","15":"purchasable","16":"product-type-simple"},"bundle_layout":"","bundled_by":[],"bundled_items":[],"acf":[],"_links":{"self":[{"href":"https:\/\/roulementcasting.com\/en\/wp-json\/wp\/v2\/product\/1346","targetHints":{"allow":["GET"]}}],"collection":[{"href":"https:\/\/roulementcasting.com\/en\/wp-json\/wp\/v2\/product"}],"about":[{"href":"https:\/\/roulementcasting.com\/en\/wp-json\/wp\/v2\/types\/product"}],"replies":[{"embeddable":true,"href":"https:\/\/roulementcasting.com\/en\/wp-json\/wp\/v2\/comments?post=1346"}],"version-history":[{"count":1,"href":"https:\/\/roulementcasting.com\/en\/wp-json\/wp\/v2\/product\/1346\/revisions"}],"predecessor-version":[{"id":25383,"href":"https:\/\/roulementcasting.com\/en\/wp-json\/wp\/v2\/product\/1346\/revisions\/25383"}],"wp:featuredmedia":[{"embeddable":true,"href":"https:\/\/roulementcasting.com\/en\/wp-json\/wp\/v2\/media\/25374"}],"wp:attachment":[{"href":"https:\/\/roulementcasting.com\/en\/wp-json\/wp\/v2\/media?parent=1346"}],"wp:term":[{"taxonomy":"product_brand","embeddable":true,"href":"https:\/\/roulementcasting.com\/en\/wp-json\/wp\/v2\/product_brand?post=1346"},{"taxonomy":"product_cat","embeddable":true,"href":"https:\/\/roulementcasting.com\/en\/wp-json\/wp\/v2\/product_cat?post=1346"},{"taxonomy":"product_tag","embeddable":true,"href":"https:\/\/roulementcasting.com\/en\/wp-json\/wp\/v2\/product_tag?post=1346"}],"curies":[{"name":"wp","href":"https:\/\/api.w.org\/{rel}","templated":true}]}}