{"id":1311,"date":"2013-03-03T20:35:34","date_gmt":"2013-03-03T19:35:34","guid":{"rendered":"http:\/\/roulementcasting.com\/?post_type=product&#038;p=1311"},"modified":"2025-12-20T05:33:21","modified_gmt":"2025-12-20T03:33:21","slug":"rod-glove-protection-pour-canne","status":"publish","type":"product","link":"https:\/\/roulementcasting.com\/en\/product\/rod-glove-protection-pour-canne\/","title":{"rendered":"Rod Glove Protection pour Canne Casting"},"content":{"rendered":"<p><a href=\"http:\/\/roulementcasting.com\/wp-content\/uploads\/2013\/03\/Rod-Glove-Saver_Logo.png\"><img fetchpriority=\"high\" decoding=\"async\" class=\"aligncenter size-full wp-image-1345\" src=\"http:\/\/roulementcasting.com\/wp-content\/uploads\/2013\/03\/Rod-Glove-Saver_Logo.png\" alt=\"Rod-Glove-Saver_Logo\" width=\"600\" height=\"153\" srcset=\"https:\/\/roulementcasting.com\/wp-content\/uploads\/2013\/03\/Rod-Glove-Saver_Logo.png 600w, https:\/\/roulementcasting.com\/wp-content\/uploads\/2013\/03\/Rod-Glove-Saver_Logo-18x5.png 18w, https:\/\/roulementcasting.com\/wp-content\/uploads\/2013\/03\/Rod-Glove-Saver_Logo-300x77.png 300w, https:\/\/roulementcasting.com\/wp-content\/uploads\/2013\/03\/Rod-Glove-Saver_Logo-442x113.png 442w\" sizes=\"(max-width: 600px) 100vw, 600px\" \/><\/a><\/p>\n<p>Now an essential item on every professional tour for storing and organising rods, VRX Rod Gloves are the best-designed protective sleeves on the market.<\/p>\n<p>Unlike other models on the market, the tip is sleeved to protect the guide and prevent snagging in rod cases, rod boxes and during transport.<\/p>\n<p><span style=\"line-height: 1.5;\">In developing the Rod Gloves, VRX has succeeded in determining the ideal lengths for casting rods after testing a wide range of rods from various manufacturers<\/span><\/p>\n<p>The 4 sizes are<\/p>\n<p>\u2013 Shorty: ideal for rods ranging from 6\u2032 to 6\u20196<br \/>\n\u2013 Std: Standard 5.25\u2033, ideal for rods ranging from 6\u20196\u2033 to 7\u20195\u2033<br \/>\n\u2013 Xtra Long: Extra Long, ideal for rods measuring 7\u2032 to 8\u20195<br \/>\n\u2013 <a title=\"Rod Glove Protection for Big Stick Casting Rod\" href=\"http:\/\/roulementcasting.com\/en\/product\/rod-glove-protection-pour-canne-casting-big-stick\/\">Big Stick<\/a> : For musky and big bait rods of 8 feet and over<\/p>\n<table class=\"custom-table\" summary=\"Sample Table\">\n<thead>\n<tr>\n<th style=\"text-align: center;\" scope=\"col\">Cane length (feet\/metres)<\/th>\n<th style=\"text-align: center;\" scope=\"col\">Rod glove recommended<\/th>\n<th style=\"text-align: center;\" scope=\"col\">Rod Glove length (feet\/metres)<\/th>\n<\/tr>\n<\/thead>\n<tbody>\n<tr>\n<td style=\"text-align: left;\">6\u2032 \/ 1.83 m<\/td>\n<td style=\"text-align: center;\">Shorty Casting<\/td>\n<td style=\"text-align: center;\">4\u20196\u2033 \/ 1.4 m<\/td>\n<\/tr>\n<tr>\n<td style=\"text-align: left;\">6\u20193\u2033 \/ 1.92 m<\/td>\n<td style=\"text-align: center;\">Shorty Casting<\/td>\n<td style=\"text-align: center;\">4\u20196\u2033 \/ 1.4 m<\/td>\n<\/tr>\n<tr>\n<td style=\"text-align: left;\">6\u20196\u2033 \/ 2m<\/td>\n<td style=\"text-align: center;\">Standard Casting<\/td>\n<td style=\"text-align: center;\">5\u20193\u2033 \/ 1.62 m<\/td>\n<\/tr>\n<tr>\n<td style=\"text-align: left;\">6\u20199\u2033 \/ 2.10 m<\/td>\n<td style=\"text-align: center;\">Standard Casting<\/td>\n<td style=\"text-align: center;\">5\u20193\u2033 \/ 1.62 m<\/td>\n<\/tr>\n<tr>\n<td style=\"text-align: left;\">7\u2032 \/ 2.13 m<\/td>\n<td style=\"text-align: center;\">Standard Casting<\/td>\n<td style=\"text-align: center;\">5\u20193\u2033 \/ 1.62 m<\/td>\n<\/tr>\n<tr>\n<td style=\"text-align: left;\">7\u20192\u2033 \/ 2.19 m<\/td>\n<td style=\"text-align: center;\">Standard Casting<\/td>\n<td style=\"text-align: center;\">5\u20193\u2033 \/ 1.62 m<\/td>\n<\/tr>\n<tr>\n<td style=\"text-align: left;\">7\u20194\u2033 \/ 2.25 m<\/td>\n<td style=\"text-align: center;\">Standard Casting<\/td>\n<td style=\"text-align: center;\">5\u20193\u2033 \/ 1.62 m<\/td>\n<\/tr>\n<tr>\n<td style=\"text-align: left;\">7\u20194\u2033 \/ 2.25 m<\/td>\n<td style=\"text-align: center;\">Casting XL<\/td>\n<td style=\"text-align: center;\">6\u2032 \/ 1.83 m<\/td>\n<\/tr>\n<tr>\n<td style=\"text-align: left;\">7\u20196\u2033 \/ 2.32 m<\/td>\n<td style=\"text-align: center;\">Standard Casting<\/td>\n<td style=\"text-align: center;\">5\u20193\u2033 \/ 1.62 m<\/td>\n<\/tr>\n<tr>\n<td style=\"text-align: left;\">7\u20196\u2033 \/ 2.32 m<\/td>\n<td style=\"text-align: center;\">Casting XL<\/td>\n<td style=\"text-align: center;\">6\u2032 \/ 1.83 m<\/td>\n<\/tr>\n<tr>\n<td style=\"text-align: left;\">7\u20197\u2033+ \/ 2.35 m and over<\/td>\n<td style=\"text-align: center;\">Casting XL<\/td>\n<td style=\"text-align: center;\">6\u2032 \/ 1.83 m<\/td>\n<\/tr>\n<tr>\n<td style=\"text-align: left;\">8\u2033 and over \/ 2.44 m and over<\/td>\n<td style=\"text-align: center;\">Big Stick Casting<\/td>\n<td style=\"text-align: center;\">7\u2032 \/ 2.13 m<\/td>\n<\/tr>\n<\/tbody>\n<\/table>\n<p><a href=\"http:\/\/roulementcasting.com\/wp-content\/uploads\/2013\/03\/Couleur-VRX-Rod-glove.png\"><img decoding=\"async\" class=\"aligncenter size-full wp-image-1329\" src=\"http:\/\/roulementcasting.com\/wp-content\/uploads\/2013\/03\/Couleur-VRX-Rod-glove.png\" alt=\"Couleur-VRX-Rod-glove\" width=\"800\" height=\"700\" srcset=\"https:\/\/roulementcasting.com\/wp-content\/uploads\/2013\/03\/Couleur-VRX-Rod-glove.png 800w, https:\/\/roulementcasting.com\/wp-content\/uploads\/2013\/03\/Couleur-VRX-Rod-glove-14x12.png 14w, https:\/\/roulementcasting.com\/wp-content\/uploads\/2013\/03\/Couleur-VRX-Rod-glove-300x263.png 300w, https:\/\/roulementcasting.com\/wp-content\/uploads\/2013\/03\/Couleur-VRX-Rod-glove-768x672.png 768w, https:\/\/roulementcasting.com\/wp-content\/uploads\/2013\/03\/Couleur-VRX-Rod-glove-442x387.png 442w, https:\/\/roulementcasting.com\/wp-content\/uploads\/2013\/03\/Couleur-VRX-Rod-glove-600x525.png 600w\" sizes=\"(max-width: 800px) 100vw, 800px\" \/><\/a><\/p>\n<p>&nbsp;<\/p>","protected":false},"excerpt":{"rendered":"<p>Devenues indispensables sur tous les circuits pro pour ranger et organiser les cannes, les Rod Gloves de VRX sont les chaussettes de protection les mieux pens\u00e9es du march\u00e9. Contrairement \u00e0 d&rsquo;autres mod\u00e8les pr\u00e9sents sur le march\u00e9 le bout est sleev\u00e9 afin de pr\u00e9server l&rsquo;anneau de t\u00eate et \u00e9viter tout accros dans les Rod Case, les [&hellip;]<\/p>\n","protected":false},"featured_media":4504,"comment_status":"open","ping_status":"closed","template":"","meta":{"_acf_changed":false},"product_brand":[1827],"product_cat":[1821,282],"product_tag":[],"class_list":{"0":"post-1311","1":"product","2":"type-product","3":"status-publish","4":"has-post-thumbnail","6":"product_brand-vrx-rod-glove","7":"product_cat-mesh","8":"product_cat-protection-pour-canne","9":"product_shipping_class-colissimo","10":"pa_rod-glove-casting-black-shorty","11":"pa_rod-glove-casting-black-std","12":"pa_rod-glove-casting-black-xtra-long","13":"pa_rod-glove-casting-blue-shorty","14":"pa_rod-glove-casting-blue-spyder-shorty","15":"pa_rod-glove-casting-blue-spyder-std","16":"pa_rod-glove-casting-blue-spyder-xtra-long","17":"pa_rod-glove-casting-blue-std","18":"pa_rod-glove-casting-blue-xtra-long","19":"pa_rod-glove-casting-green-std","20":"pa_rod-glove-casting-green-xtra-long","21":"pa_rod-glove-casting-gun-metal-shorty","22":"pa_rod-glove-casting-gun-metal-std","23":"pa_rod-glove-casting-gun-metal-xtra-long","24":"pa_rod-glove-casting-neon-pink-std","25":"pa_rod-glove-casting-ogre-std","26":"pa_rod-glove-casting-ogre-xtra-long","27":"pa_rod-glove-casting-orange-spyder-std","28":"pa_rod-glove-casting-orange-std","29":"pa_rod-glove-casting-orange-xtra-long","30":"pa_rod-glove-casting-patriot-std","31":"pa_rod-glove-casting-patriot-xtra-long","32":"pa_rod-glove-casting-platinium-xtra-long","33":"pa_rod-glove-casting-purple-xtra-long","34":"pa_rod-glove-casting-red-shorty","35":"pa_rod-glove-casting-red-std","36":"pa_rod-glove-casting-red-xl","37":"pa_rod-glove-casting-red-xtra-long","38":"pa_rod-glove-casting-reel-glove","39":"pa_rod-glove-casting-spyder-shorty","40":"pa_rod-glove-casting-spyder-std","41":"pa_rod-glove-casting-spyder-xtra-long","42":"pa_rod-glove-casting-stinger-std","43":"pa_rod-glove-casting-stinger-xtra-long","44":"pa_rod-glove-casting-yellow-std","45":"pa_rod-glove-casting-yellow-xtra-long","47":"first","48":"instock","49":"taxable","50":"shipping-taxable","51":"purchasable","52":"product-type-variable"},"bundle_layout":"","bundled_by":[],"bundled_items":[],"acf":[],"_links":{"self":[{"href":"https:\/\/roulementcasting.com\/en\/wp-json\/wp\/v2\/product\/1311","targetHints":{"allow":["GET"]}}],"collection":[{"href":"https:\/\/roulementcasting.com\/en\/wp-json\/wp\/v2\/product"}],"about":[{"href":"https:\/\/roulementcasting.com\/en\/wp-json\/wp\/v2\/types\/product"}],"replies":[{"embeddable":true,"href":"https:\/\/roulementcasting.com\/en\/wp-json\/wp\/v2\/comments?post=1311"}],"version-history":[{"count":2,"href":"https:\/\/roulementcasting.com\/en\/wp-json\/wp\/v2\/product\/1311\/revisions"}],"predecessor-version":[{"id":28765,"href":"https:\/\/roulementcasting.com\/en\/wp-json\/wp\/v2\/product\/1311\/revisions\/28765"}],"wp:featuredmedia":[{"embeddable":true,"href":"https:\/\/roulementcasting.com\/en\/wp-json\/wp\/v2\/media\/4504"}],"wp:attachment":[{"href":"https:\/\/roulementcasting.com\/en\/wp-json\/wp\/v2\/media?parent=1311"}],"wp:term":[{"taxonomy":"product_brand","embeddable":true,"href":"https:\/\/roulementcasting.com\/en\/wp-json\/wp\/v2\/product_brand?post=1311"},{"taxonomy":"product_cat","embeddable":true,"href":"https:\/\/roulementcasting.com\/en\/wp-json\/wp\/v2\/product_cat?post=1311"},{"taxonomy":"product_tag","embeddable":true,"href":"https:\/\/roulementcasting.com\/en\/wp-json\/wp\/v2\/product_tag?post=1311"}],"curies":[{"name":"wp","href":"https:\/\/api.w.org\/{rel}","templated":true}]}}