{"id":11963,"date":"2018-11-24T11:24:26","date_gmt":"2018-11-24T09:24:26","guid":{"rendered":"https:\/\/roulementcasting.com\/?post_type=product&#038;p=11963"},"modified":"2025-12-15T18:25:46","modified_gmt":"2025-12-15T16:25:46","slug":"abu-garcia-18-revo-big-shooter-compact","status":"publish","type":"product","link":"https:\/\/roulementcasting.com\/en\/product\/abu-garcia-18-revo-big-shooter-compact\/","title":{"rendered":"Abu Garcia 18\u2032 Revo Big Shooter Compact"},"content":{"rendered":"<p>A new version of the highly successful BigShooter Compact. Designed for heavy-duty freshwater fishing but also suitable for saltwater, the BS Compact is a Toro reel housed in a Revo frame. Ideal for mounting on a Heavy or XH rod. Now available in two gear ratios: a versatile 7.3 ratio and the original model\u2019s 8.0 ratio, ideal for fast-paced fishing or power fishing, particularly for Alpine pike.<br \/>\nStill characterised by its ultra-rigid metal frame and oversized 94mm handle, it now features a new, even more compact design, as well as Abu\u2019s latest carbon drag system, which provides a 10kg drag capacity and a redesigned clutch system.<\/p>\n<table class=\"custom-table\" summary=\"Sample Table\">\n<thead>\n<tr>\n<th style=\"text-align: center;\" scope=\"col\">Model<\/th>\n<th style=\"text-align: center;\" scope=\"col\">Crank<\/th>\n<th style=\"text-align: center;\" scope=\"col\">Ratio<\/th>\n<th style=\"text-align: center;\" scope=\"col\">Recovery<\/th>\n<th style=\"text-align: center;\" scope=\"col\">Weight<\/th>\n<th style=\"text-align: center;\" scope=\"col\">Brake<\/th>\n<th style=\"text-align: center;\" scope=\"col\">Bearings<\/th>\n<th style=\"text-align: center;\" scope=\"col\">Capacity<\/th>\n<\/tr>\n<\/thead>\n<tbody>\n<tr>\n<td style=\"text-align: left;\">Right Hand<\/td>\n<td style=\"text-align: center;\">Right<\/td>\n<td style=\"text-align: center;\">7.3:1<\/td>\n<td style=\"text-align: center;\">76 cm<\/td>\n<td style=\"text-align: center;\">250g<\/td>\n<td style=\"text-align: center;\">10 kg<\/td>\n<td style=\"text-align: center;\">7+1<\/td>\n<td style=\"text-align: center;\">0.37 mm\/100 m<\/td>\n<\/tr>\n<tr>\n<td style=\"text-align: left;\">Left Hand<\/td>\n<td style=\"text-align: center;\">Left<\/td>\n<td style=\"text-align: center;\">7.3:1<\/td>\n<td style=\"text-align: center;\">76 cm<\/td>\n<td style=\"text-align: center;\">250g<\/td>\n<td style=\"text-align: center;\">10 kg<\/td>\n<td style=\"text-align: center;\">7+1<\/td>\n<td style=\"text-align: center;\">0.37 mm\/100 m<\/td>\n<\/tr>\n<tr>\n<td style=\"text-align: left;\">Right Hand<\/td>\n<td style=\"text-align: center;\">Right<\/td>\n<td style=\"text-align: center;\">8.0:1<\/td>\n<td style=\"text-align: center;\">83 cm<\/td>\n<td style=\"text-align: center;\">250g<\/td>\n<td style=\"text-align: center;\">10 kg<\/td>\n<td style=\"text-align: center;\">7+1<\/td>\n<td style=\"text-align: center;\">0.37 mm\/100 m<\/td>\n<\/tr>\n<tr>\n<td style=\"text-align: left;\">Left Hand<\/td>\n<td style=\"text-align: center;\">Left<\/td>\n<td style=\"text-align: center;\">8.0:1<\/td>\n<td style=\"text-align: center;\">83 cm<\/td>\n<td style=\"text-align: center;\">250g<\/td>\n<td style=\"text-align: center;\">10 kg<\/td>\n<td style=\"text-align: center;\">7+1<\/td>\n<td style=\"text-align: center;\">0.37 mm\/100 m<\/td>\n<\/tr>\n<\/tbody>\n<\/table>\n<p><img fetchpriority=\"high\" decoding=\"async\" class=\"aligncenter size-full wp-image-11968\" src=\"https:\/\/roulementcasting.com\/wp-content\/uploads\/revo_bigshooter_com_05.jpg\" alt=\"\" width=\"900\" height=\"601\" srcset=\"https:\/\/roulementcasting.com\/wp-content\/uploads\/revo_bigshooter_com_05.jpg 900w, https:\/\/roulementcasting.com\/wp-content\/uploads\/revo_bigshooter_com_05-300x200.jpg 300w, https:\/\/roulementcasting.com\/wp-content\/uploads\/revo_bigshooter_com_05-768x513.jpg 768w, https:\/\/roulementcasting.com\/wp-content\/uploads\/revo_bigshooter_com_05-442x295.jpg 442w\" sizes=\"(max-width: 900px) 100vw, 900px\" \/><\/p>","protected":false},"excerpt":{"rendered":"<p>Nouvelle version du tr\u00e8s r\u00e9ussi BigShooter Compact. Con\u00e7u pour les p\u00eaches fortes en Eau Douce mais \u00e9galement adapt\u00e9 pour la mer le BS Compact est un Toro dans un b\u00e2ti de Revo. Id\u00e9al pour monter sur une cannes Heavy ou XH. Maintenant disponible en deux Ratio, un ratio de 7.3 polyvalent et le ratio du [&hellip;]<\/p>\n","protected":false},"featured_media":11964,"comment_status":"open","ping_status":"closed","template":"","meta":{"_acf_changed":false},"product_brand":[1875],"product_cat":[1882],"product_tag":[],"class_list":{"0":"post-11963","1":"product","2":"type-product","3":"status-publish","4":"has-post-thumbnail","6":"product_brand-abu-garcia","7":"product_cat-moulinet-archive","9":"first","10":"outofstock","11":"taxable","12":"shipping-taxable","13":"product-type-variable"},"bundle_layout":"","bundled_by":[],"bundled_items":[],"acf":[],"_links":{"self":[{"href":"https:\/\/roulementcasting.com\/en\/wp-json\/wp\/v2\/product\/11963","targetHints":{"allow":["GET"]}}],"collection":[{"href":"https:\/\/roulementcasting.com\/en\/wp-json\/wp\/v2\/product"}],"about":[{"href":"https:\/\/roulementcasting.com\/en\/wp-json\/wp\/v2\/types\/product"}],"replies":[{"embeddable":true,"href":"https:\/\/roulementcasting.com\/en\/wp-json\/wp\/v2\/comments?post=11963"}],"version-history":[{"count":1,"href":"https:\/\/roulementcasting.com\/en\/wp-json\/wp\/v2\/product\/11963\/revisions"}],"predecessor-version":[{"id":28379,"href":"https:\/\/roulementcasting.com\/en\/wp-json\/wp\/v2\/product\/11963\/revisions\/28379"}],"wp:featuredmedia":[{"embeddable":true,"href":"https:\/\/roulementcasting.com\/en\/wp-json\/wp\/v2\/media\/11964"}],"wp:attachment":[{"href":"https:\/\/roulementcasting.com\/en\/wp-json\/wp\/v2\/media?parent=11963"}],"wp:term":[{"taxonomy":"product_brand","embeddable":true,"href":"https:\/\/roulementcasting.com\/en\/wp-json\/wp\/v2\/product_brand?post=11963"},{"taxonomy":"product_cat","embeddable":true,"href":"https:\/\/roulementcasting.com\/en\/wp-json\/wp\/v2\/product_cat?post=11963"},{"taxonomy":"product_tag","embeddable":true,"href":"https:\/\/roulementcasting.com\/en\/wp-json\/wp\/v2\/product_tag?post=11963"}],"curies":[{"name":"wp","href":"https:\/\/api.w.org\/{rel}","templated":true}]}}