{"id":10852,"date":"2018-01-02T17:36:35","date_gmt":"2018-01-02T15:36:35","guid":{"rendered":"http:\/\/roulementcasting.com\/?post_type=product&#038;p=10852"},"modified":"2025-12-08T19:00:29","modified_gmt":"2025-12-08T17:00:29","slug":"10852","status":"publish","type":"product","link":"https:\/\/roulementcasting.com\/en\/product\/10852\/","title":{"rendered":"ZPI Saltieva Jignist Light 107mm Shimano Purple"},"content":{"rendered":"<p><img fetchpriority=\"high\" decoding=\"async\" class=\"aligncenter size-full wp-image-10853\" src=\"http:\/\/roulementcasting.com\/wp-content\/uploads\/saltievajignistlight.jpg\" alt=\"\" width=\"685\" height=\"400\" srcset=\"https:\/\/roulementcasting.com\/wp-content\/uploads\/saltievajignistlight.jpg 685w, https:\/\/roulementcasting.com\/wp-content\/uploads\/saltievajignistlight-300x175.jpg 300w, https:\/\/roulementcasting.com\/wp-content\/uploads\/saltievajignistlight-442x258.jpg 442w\" sizes=\"(max-width: 685px) 100vw, 685px\" \/><\/p>\n<p>The longest crank developed by ZPI! 107mm! The weight remains low and the crank is extremely rigid thanks to the use of carbon fibre and ZPI\u2019s expertise. The BARREL Shapes handles, fitted as standard, provide the perfect balance of inertia and grip. The handles are fitted with ZPI BOUSEI anti-corrosion bearings.<\/p>\n<h4>Compatible with Shimano:<\/h4>\n<ul>\n<li>Ocea Calcutta 200 series<\/li>\n<li>13 Metanium HG \/ XG<\/li>\n<li>07 Metanium Mg, Mg7<\/li>\n<li>08 Metanium Mg, DC, DC7<\/li>\n<li>09 Aldebaran Mg, Mg7<\/li>\n<li>12 Aldebaran BFS XG<\/li>\n<li>Scorpion XT 1000 \/ 1001<\/li>\n<li>Scorpion XT 1500 \/ 1501 \/ 1500-7 \/ 1501-7<\/li>\n<li>Scorpion DC \/ DC7<\/li>\n<li>Antales DC\/DC7\/LV<\/li>\n<li>12 Antales<\/li>\n<li>Antales AR<\/li>\n<li>Calcutta Conquest 100\u2013201<\/li>\n<li>Calcutta Conquest 100DC \u2013 201 DC<\/li>\n<\/ul>","protected":false},"excerpt":{"rendered":"<p>La manivelle la plus longue d\u00e9velopp\u00e9e par ZPI! 107mm! Le poids reste contenu et la manivelle tr\u00e8s rigide gr\u00e2ce \u00e0 l&rsquo;utilisation du carbone et le savoir faire de ZPI. Les poign\u00e9es BARREL Shapes mont\u00e9s d&rsquo;origine permettent d&rsquo;avoir l&rsquo;inertie et la prise en main parfaite. Les poign\u00e9es sont mont\u00e9s avec des roulements ZPI BOUSEI anti corrosion. [&hellip;]<\/p>\n","protected":false},"featured_media":10900,"comment_status":"open","ping_status":"closed","template":"","meta":{"_acf_changed":false},"product_brand":[1832],"product_cat":[1842,1741],"product_tag":[],"class_list":{"0":"post-10852","1":"product","2":"type-product","3":"status-publish","4":"has-post-thumbnail","6":"product_brand-zip","7":"product_cat-manivelles-poignees","8":"product_cat-mnv-type-sh1","9":"product_shipping_class-colissimo","11":"first","12":"instock","13":"sale","14":"taxable","15":"shipping-taxable","16":"purchasable","17":"product-type-simple"},"bundle_layout":"","bundled_by":[],"bundled_items":[],"acf":[],"_links":{"self":[{"href":"https:\/\/roulementcasting.com\/en\/wp-json\/wp\/v2\/product\/10852","targetHints":{"allow":["GET"]}}],"collection":[{"href":"https:\/\/roulementcasting.com\/en\/wp-json\/wp\/v2\/product"}],"about":[{"href":"https:\/\/roulementcasting.com\/en\/wp-json\/wp\/v2\/types\/product"}],"replies":[{"embeddable":true,"href":"https:\/\/roulementcasting.com\/en\/wp-json\/wp\/v2\/comments?post=10852"}],"version-history":[{"count":0,"href":"https:\/\/roulementcasting.com\/en\/wp-json\/wp\/v2\/product\/10852\/revisions"}],"wp:featuredmedia":[{"embeddable":true,"href":"https:\/\/roulementcasting.com\/en\/wp-json\/wp\/v2\/media\/10900"}],"wp:attachment":[{"href":"https:\/\/roulementcasting.com\/en\/wp-json\/wp\/v2\/media?parent=10852"}],"wp:term":[{"taxonomy":"product_brand","embeddable":true,"href":"https:\/\/roulementcasting.com\/en\/wp-json\/wp\/v2\/product_brand?post=10852"},{"taxonomy":"product_cat","embeddable":true,"href":"https:\/\/roulementcasting.com\/en\/wp-json\/wp\/v2\/product_cat?post=10852"},{"taxonomy":"product_tag","embeddable":true,"href":"https:\/\/roulementcasting.com\/en\/wp-json\/wp\/v2\/product_tag?post=10852"}],"curies":[{"name":"wp","href":"https:\/\/api.w.org\/{rel}","templated":true}]}}