{"id":10835,"date":"2018-01-02T14:46:03","date_gmt":"2018-01-02T12:46:03","guid":{"rendered":"http:\/\/roulementcasting.com\/?post_type=product&#038;p=10835"},"modified":"2025-12-08T19:00:30","modified_gmt":"2025-12-08T17:00:30","slug":"zpi-power-game-abu-daiwa","status":"publish","type":"product","link":"https:\/\/roulementcasting.com\/en\/product\/zpi-power-game-abu-daiwa\/","title":{"rendered":"ZPI Power Game + ABU\/Daiwa Knobs"},"content":{"rendered":"<p>SSRC 85mm carbon handlebar, made in Japan and fitted with ZPI knobs. Available in 3 colours. The colours refer to the grip covers, the nut and the lock nut.<\/p>\n<p>Compatibility<\/p>\n<ul>\n<li>Abu Garcia: REVO Series<\/li>\n<li>DAIWA:\n<ul>\n<li>T3 series<\/li>\n<li>Steez series<\/li>\n<li>Alphas series<\/li>\n<li>PX68\/SPR<\/li>\n<li>Zillion series (except J-Dream)<\/li>\n<\/ul>\n<\/li>\n<\/ul>\n<p>&nbsp;<\/p>","protected":false},"excerpt":{"rendered":"<p>Manivelle SSRC Carbone 85mm fabriqu\u00e9e au Japon \u00e9quip\u00e9e de Knobs ZPI. Disponibles en 3 coloris. Les couleurs concernent les caches des poign\u00e9es, l&rsquo;\u00e9crou et la vis bloque \u00e9crou. Compatibilit\u00e9 Abu Garcia: REVO Series DAIWA: T3 series Steez series Alphas series PX68\/SPR Zillion series (sauf J-Dream) &nbsp;<\/p>","protected":false},"featured_media":10894,"comment_status":"closed","ping_status":"closed","template":"","meta":{"_acf_changed":false},"product_brand":[1832],"product_cat":[1742],"product_tag":[],"class_list":{"0":"post-10835","1":"product","2":"type-product","3":"status-publish","4":"has-post-thumbnail","6":"product_brand-zip","7":"product_cat-mnv-type-ad","8":"product_shipping_class-colissimo","10":"first","11":"instock","12":"sale","13":"taxable","14":"shipping-taxable","15":"purchasable","16":"product-type-variable"},"bundle_layout":"","bundled_by":[],"bundled_items":[],"acf":[],"_links":{"self":[{"href":"https:\/\/roulementcasting.com\/en\/wp-json\/wp\/v2\/product\/10835","targetHints":{"allow":["GET"]}}],"collection":[{"href":"https:\/\/roulementcasting.com\/en\/wp-json\/wp\/v2\/product"}],"about":[{"href":"https:\/\/roulementcasting.com\/en\/wp-json\/wp\/v2\/types\/product"}],"replies":[{"embeddable":true,"href":"https:\/\/roulementcasting.com\/en\/wp-json\/wp\/v2\/comments?post=10835"}],"version-history":[{"count":1,"href":"https:\/\/roulementcasting.com\/en\/wp-json\/wp\/v2\/product\/10835\/revisions"}],"predecessor-version":[{"id":22617,"href":"https:\/\/roulementcasting.com\/en\/wp-json\/wp\/v2\/product\/10835\/revisions\/22617"}],"wp:featuredmedia":[{"embeddable":true,"href":"https:\/\/roulementcasting.com\/en\/wp-json\/wp\/v2\/media\/10894"}],"wp:attachment":[{"href":"https:\/\/roulementcasting.com\/en\/wp-json\/wp\/v2\/media?parent=10835"}],"wp:term":[{"taxonomy":"product_brand","embeddable":true,"href":"https:\/\/roulementcasting.com\/en\/wp-json\/wp\/v2\/product_brand?post=10835"},{"taxonomy":"product_cat","embeddable":true,"href":"https:\/\/roulementcasting.com\/en\/wp-json\/wp\/v2\/product_cat?post=10835"},{"taxonomy":"product_tag","embeddable":true,"href":"https:\/\/roulementcasting.com\/en\/wp-json\/wp\/v2\/product_tag?post=10835"}],"curies":[{"name":"wp","href":"https:\/\/api.w.org\/{rel}","templated":true}]}}