{"id":10558,"date":"2017-09-16T16:34:45","date_gmt":"2017-09-16T14:34:45","guid":{"rendered":"http:\/\/roulementcasting.com\/?post_type=product&#038;p=10558"},"modified":"2025-12-08T19:00:31","modified_gmt":"2025-12-08T17:00:31","slug":"shimano-17-exsence-dc","status":"publish","type":"product","link":"https:\/\/roulementcasting.com\/en\/product\/shimano-17-exsence-dc\/","title":{"rendered":"Shimano 17\u2032 Exsence DC"},"content":{"rendered":"<p><img fetchpriority=\"high\" decoding=\"async\" class=\"aligncenter size-full wp-image-10563\" src=\"http:\/\/roulementcasting.com\/wp-content\/uploads\/17ExsenceDCune.jpg\" alt=\"\" width=\"950\" height=\"400\" srcset=\"https:\/\/roulementcasting.com\/wp-content\/uploads\/17ExsenceDCune.jpg 950w, https:\/\/roulementcasting.com\/wp-content\/uploads\/17ExsenceDCune-300x126.jpg 300w, https:\/\/roulementcasting.com\/wp-content\/uploads\/17ExsenceDCune-768x323.jpg 768w, https:\/\/roulementcasting.com\/wp-content\/uploads\/17ExsenceDCune-442x186.jpg 442w\" sizes=\"(max-width: 950px) 100vw, 950px\" \/><\/p>\n<table class=\"custom-table\" summary=\"Sample Table\">\n<thead>\n<tr>\n<th scope=\"col\">Model<\/th>\n<th scope=\"col\">Ratio<\/th>\n<th scope=\"col\">Recovery<\/th>\n<th scope=\"col\">Weight<\/th>\n<th scope=\"col\">Brake<\/th>\n<th scope=\"col\">Bearings<\/th>\n<th scope=\"col\">Braiding capacity<\/th>\n<\/tr>\n<\/thead>\n<tbody>\n<tr>\n<td>XG Right (Manivelle \u00e0 droite)<\/td>\n<td>7.8:1<\/td>\n<td style=\"text-align: center;\">91 cm<\/td>\n<td>225g<\/td>\n<td style=\"text-align: center;\">4,5kg<\/td>\n<td style=\"text-align: center;\">10+1<\/td>\n<td>150m\/PE2<\/td>\n<\/tr>\n<tr>\n<td>XG Left (Left-hand crank)<\/td>\n<td>7.8:1<\/td>\n<td style=\"text-align: center;\">91 cm<\/td>\n<td>225g<\/td>\n<td style=\"text-align: center;\">4,5kg<\/td>\n<td style=\"text-align: center;\">10+1<\/td>\n<td>150m\/PE2<\/td>\n<\/tr>\n<\/tbody>\n<\/table>\n<p>&nbsp;<\/p>\n<p><img decoding=\"async\" class=\"aligncenter size-full wp-image-10560\" src=\"http:\/\/roulementcasting.com\/wp-content\/uploads\/17ExsenceDC_DCtune.jpg\" alt=\"\" width=\"500\" height=\"500\" srcset=\"https:\/\/roulementcasting.com\/wp-content\/uploads\/17ExsenceDC_DCtune.jpg 500w, https:\/\/roulementcasting.com\/wp-content\/uploads\/17ExsenceDC_DCtune-100x100.jpg 100w, https:\/\/roulementcasting.com\/wp-content\/uploads\/17ExsenceDC_DCtune-150x150.jpg 150w, https:\/\/roulementcasting.com\/wp-content\/uploads\/17ExsenceDC_DCtune-300x300.jpg 300w, https:\/\/roulementcasting.com\/wp-content\/uploads\/17ExsenceDC_DCtune-350x350.jpg 350w, https:\/\/roulementcasting.com\/wp-content\/uploads\/17ExsenceDC_DCtune-442x442.jpg 442w\" sizes=\"(max-width: 500px) 100vw, 500px\" \/><img decoding=\"async\" class=\"aligncenter size-full wp-image-10561\" src=\"http:\/\/roulementcasting.com\/wp-content\/uploads\/17ExsenceDC_DCtune1.png\" alt=\"\" width=\"950\" height=\"300\" srcset=\"https:\/\/roulementcasting.com\/wp-content\/uploads\/17ExsenceDC_DCtune1.png 950w, https:\/\/roulementcasting.com\/wp-content\/uploads\/17ExsenceDC_DCtune1-300x95.png 300w, https:\/\/roulementcasting.com\/wp-content\/uploads\/17ExsenceDC_DCtune1-768x243.png 768w, https:\/\/roulementcasting.com\/wp-content\/uploads\/17ExsenceDC_DCtune1-442x140.png 442w\" sizes=\"(max-width: 950px) 100vw, 950px\" \/> <img loading=\"lazy\" decoding=\"async\" class=\"aligncenter size-full wp-image-10562\" src=\"http:\/\/roulementcasting.com\/wp-content\/uploads\/17ExsenceDC_Micromodule.jpg\" alt=\"\" width=\"500\" height=\"500\" srcset=\"https:\/\/roulementcasting.com\/wp-content\/uploads\/17ExsenceDC_Micromodule.jpg 500w, https:\/\/roulementcasting.com\/wp-content\/uploads\/17ExsenceDC_Micromodule-100x100.jpg 100w, https:\/\/roulementcasting.com\/wp-content\/uploads\/17ExsenceDC_Micromodule-150x150.jpg 150w, https:\/\/roulementcasting.com\/wp-content\/uploads\/17ExsenceDC_Micromodule-300x300.jpg 300w, https:\/\/roulementcasting.com\/wp-content\/uploads\/17ExsenceDC_Micromodule-350x350.jpg 350w, https:\/\/roulementcasting.com\/wp-content\/uploads\/17ExsenceDC_Micromodule-442x442.jpg 442w\" sizes=\"(max-width: 500px) 100vw, 500px\" \/><\/p>","protected":false},"excerpt":{"rendered":"<p>Mod\u00e8le Ratio R\u00e9cup\u00e9ration Poids Frein Roulements Capacit\u00e9 Tresse XG Right (Manivelle \u00e0 droite) 7.8:1 91cm 225gr 4,5kg 10+1 150m\/PE2 XG Left (Manivelle \u00e0 gauche) 7.8:1 91cm 225gr 4,5kg 10+1 150m\/PE2 &nbsp;<\/p>","protected":false},"featured_media":10559,"comment_status":"open","ping_status":"closed","template":"","meta":{"_acf_changed":false},"product_brand":[1824],"product_cat":[1865],"product_tag":[],"class_list":{"0":"post-10558","1":"product","2":"type-product","3":"status-publish","4":"has-post-thumbnail","6":"product_brand-shimano","7":"product_cat-non-classe","9":"first","10":"instock","11":"taxable","12":"shipping-taxable","13":"product-type-simple"},"bundle_layout":"","bundled_by":[],"bundled_items":[],"acf":[],"_links":{"self":[{"href":"https:\/\/roulementcasting.com\/en\/wp-json\/wp\/v2\/product\/10558","targetHints":{"allow":["GET"]}}],"collection":[{"href":"https:\/\/roulementcasting.com\/en\/wp-json\/wp\/v2\/product"}],"about":[{"href":"https:\/\/roulementcasting.com\/en\/wp-json\/wp\/v2\/types\/product"}],"replies":[{"embeddable":true,"href":"https:\/\/roulementcasting.com\/en\/wp-json\/wp\/v2\/comments?post=10558"}],"version-history":[{"count":0,"href":"https:\/\/roulementcasting.com\/en\/wp-json\/wp\/v2\/product\/10558\/revisions"}],"wp:featuredmedia":[{"embeddable":true,"href":"https:\/\/roulementcasting.com\/en\/wp-json\/wp\/v2\/media\/10559"}],"wp:attachment":[{"href":"https:\/\/roulementcasting.com\/en\/wp-json\/wp\/v2\/media?parent=10558"}],"wp:term":[{"taxonomy":"product_brand","embeddable":true,"href":"https:\/\/roulementcasting.com\/en\/wp-json\/wp\/v2\/product_brand?post=10558"},{"taxonomy":"product_cat","embeddable":true,"href":"https:\/\/roulementcasting.com\/en\/wp-json\/wp\/v2\/product_cat?post=10558"},{"taxonomy":"product_tag","embeddable":true,"href":"https:\/\/roulementcasting.com\/en\/wp-json\/wp\/v2\/product_tag?post=10558"}],"curies":[{"name":"wp","href":"https:\/\/api.w.org\/{rel}","templated":true}]}}