{"id":10228,"date":"2017-04-22T17:18:52","date_gmt":"2017-04-22T15:18:52","guid":{"rendered":"http:\/\/roulementcasting.com\/?post_type=product&#038;p=10228"},"modified":"2026-04-05T13:09:34","modified_gmt":"2026-04-05T11:09:34","slug":"hedgehog-spool-bearing-pin-remover-type-r","status":"publish","type":"product","link":"https:\/\/roulementcasting.com\/en\/product\/hedgehog-spool-bearing-pin-remover-type-r\/","title":{"rendered":"HedgeHog Spool Bearing Pin Remover Type R"},"content":{"rendered":"<p>The Type R version is the latest version of HedgeHog Studio\u2019s famous Spool Pin Remover. This version has been significantly reinforced.<\/p>\n<p><a href=\"http:\/\/roulementcasting.com\/en\/product\/hedgehog-spool-bearing-pin-remover-type-r\/ma2014071407m\/\" rel=\"attachment wp-att-10231\"><img fetchpriority=\"high\" decoding=\"async\" class=\"aligncenter size-full wp-image-10231\" src=\"http:\/\/roulementcasting.com\/wp-content\/uploads\/ma2014071407m.jpg\" alt=\"\" width=\"600\" height=\"450\" srcset=\"https:\/\/roulementcasting.com\/wp-content\/uploads\/ma2014071407m.jpg 600w, https:\/\/roulementcasting.com\/wp-content\/uploads\/ma2014071407m-300x225.jpg 300w, https:\/\/roulementcasting.com\/wp-content\/uploads\/ma2014071407m-442x332.jpg 442w\" sizes=\"(max-width: 600px) 100vw, 600px\" \/><\/a><\/p>\n<p><a href=\"http:\/\/roulementcasting.com\/en\/product\/hedgehog-spool-bearing-pin-remover-type-r\/ma20150914r2\/\" rel=\"attachment wp-att-10229\"><img decoding=\"async\" class=\"aligncenter size-full wp-image-10229\" src=\"http:\/\/roulementcasting.com\/wp-content\/uploads\/ma20150914r2.jpg\" alt=\"\" width=\"1200\" height=\"900\" srcset=\"https:\/\/roulementcasting.com\/wp-content\/uploads\/ma20150914r2.jpg 1200w, https:\/\/roulementcasting.com\/wp-content\/uploads\/ma20150914r2-1000x750.jpg 1000w, https:\/\/roulementcasting.com\/wp-content\/uploads\/ma20150914r2-300x225.jpg 300w, https:\/\/roulementcasting.com\/wp-content\/uploads\/ma20150914r2-768x576.jpg 768w, https:\/\/roulementcasting.com\/wp-content\/uploads\/ma20150914r2-1024x768.jpg 1024w, https:\/\/roulementcasting.com\/wp-content\/uploads\/ma20150914r2-442x332.jpg 442w\" sizes=\"(max-width: 1200px) 100vw, 1200px\" \/><\/a><\/p>\n<p>Thanks to its incredible ease of use, the Spool Pin Remover allows you to remove the pin from the spool shaft quickly and safely, without damaging the spool shaft.<\/p>\n<p><a href=\"http:\/\/roulementcasting.com\/en\/product\/hedgehog-spool-bearing-pin-remover-type-r\/ma2014071408m\/\" rel=\"attachment wp-att-10232\"><img decoding=\"async\" class=\"aligncenter size-full wp-image-10232\" src=\"http:\/\/roulementcasting.com\/wp-content\/uploads\/ma2014071408m.jpg\" alt=\"\" width=\"600\" height=\"450\" srcset=\"https:\/\/roulementcasting.com\/wp-content\/uploads\/ma2014071408m.jpg 600w, https:\/\/roulementcasting.com\/wp-content\/uploads\/ma2014071408m-300x225.jpg 300w, https:\/\/roulementcasting.com\/wp-content\/uploads\/ma2014071408m-442x332.jpg 442w\" sizes=\"(max-width: 600px) 100vw, 600px\" \/><\/a><a href=\"http:\/\/roulementcasting.com\/en\/product\/hedgehog-spool-bearing-pin-remover-type-r\/ma2014071405m\/\" rel=\"attachment wp-att-10230\"><img loading=\"lazy\" decoding=\"async\" class=\"aligncenter size-full wp-image-10230\" src=\"http:\/\/roulementcasting.com\/wp-content\/uploads\/ma2014071405m.jpg\" alt=\"\" width=\"600\" height=\"450\" srcset=\"https:\/\/roulementcasting.com\/wp-content\/uploads\/ma2014071405m.jpg 600w, https:\/\/roulementcasting.com\/wp-content\/uploads\/ma2014071405m-300x225.jpg 300w, https:\/\/roulementcasting.com\/wp-content\/uploads\/ma2014071405m-442x332.jpg 442w\" sizes=\"(max-width: 600px) 100vw, 600px\" \/><\/a><\/p>\n<p><b>Compatibility<\/b><\/p>\n<p>Can be used with most casting reels, such as Abu, DAIWA, SHIMANO, PFLUEGER, Tailwalk, Quantum, etc.<\/p>\n<p><strong>Some models are not compatible.<\/strong><\/p>\n<p>* DAIWA STEEZ AIR TW<br \/>\n* DAIWA 21 TATULA TW 300\/400<br \/>\n* DAIWA 20 ALPHAS AIR TW<br \/>\n* DAIWA 22 SILVER CREEK AIR TW STREAM CUSTOM<br \/>\n* DAIWA 21 GEKKABIJIN AIR TW PE SPECIAL<br \/>\n* DAIWA 23 SEAHAWK TW ENTO<br \/>\n* SHIMANO CALCUTTA CONQUEST 50S\/51S<br \/>\n* Offshore reels with large spools, such as the SHIMANO OCEA JIGGER, DAIWA SALTIGA and CATALINA<\/p>","protected":false},"excerpt":{"rendered":"<p>La version Type R est la derni\u00e8re version du c\u00e9l\u00e8bre Spool pin remover d&rsquo;HedgeHog Studio. Cette version a \u00e9t\u00e9 consid\u00e9rablement renforc\u00e9e. Grace \u00e0 une facilit\u00e9 d&rsquo;utilisation d\u00e9concertante, le Spool Pin remover vous permet de retirer la goupille sur l&rsquo;axe de la bobine rapidement et en toute s\u00e9curit\u00e9 pour votre axe de bobine. Compatibilit\u00e9 Peut \u00eatre [&hellip;]<\/p>\n","protected":false},"featured_media":10233,"comment_status":"open","ping_status":"closed","template":"","meta":{"_acf_changed":false},"product_brand":[1823],"product_cat":[1897,1839],"product_tag":[],"class_list":{"0":"post-10228","1":"product","2":"type-product","3":"status-publish","4":"has-post-thumbnail","6":"product_brand-hedgehog-studio","7":"product_cat-outils","8":"product_cat-outils-entretien","9":"product_shipping_class-lettre-suivie-format-boite","11":"first","12":"instock","13":"taxable","14":"shipping-taxable","15":"purchasable","16":"product-type-variable","17":"has-default-attributes"},"bundle_layout":"","bundled_by":[],"bundled_items":[],"acf":[],"_links":{"self":[{"href":"https:\/\/roulementcasting.com\/en\/wp-json\/wp\/v2\/product\/10228","targetHints":{"allow":["GET"]}}],"collection":[{"href":"https:\/\/roulementcasting.com\/en\/wp-json\/wp\/v2\/product"}],"about":[{"href":"https:\/\/roulementcasting.com\/en\/wp-json\/wp\/v2\/types\/product"}],"replies":[{"embeddable":true,"href":"https:\/\/roulementcasting.com\/en\/wp-json\/wp\/v2\/comments?post=10228"}],"version-history":[{"count":3,"href":"https:\/\/roulementcasting.com\/en\/wp-json\/wp\/v2\/product\/10228\/revisions"}],"predecessor-version":[{"id":29575,"href":"https:\/\/roulementcasting.com\/en\/wp-json\/wp\/v2\/product\/10228\/revisions\/29575"}],"wp:featuredmedia":[{"embeddable":true,"href":"https:\/\/roulementcasting.com\/en\/wp-json\/wp\/v2\/media\/10233"}],"wp:attachment":[{"href":"https:\/\/roulementcasting.com\/en\/wp-json\/wp\/v2\/media?parent=10228"}],"wp:term":[{"taxonomy":"product_brand","embeddable":true,"href":"https:\/\/roulementcasting.com\/en\/wp-json\/wp\/v2\/product_brand?post=10228"},{"taxonomy":"product_cat","embeddable":true,"href":"https:\/\/roulementcasting.com\/en\/wp-json\/wp\/v2\/product_cat?post=10228"},{"taxonomy":"product_tag","embeddable":true,"href":"https:\/\/roulementcasting.com\/en\/wp-json\/wp\/v2\/product_tag?post=10228"}],"curies":[{"name":"wp","href":"https:\/\/api.w.org\/{rel}","templated":true}]}}