{"id":28975,"date":"2025-12-22T16:26:04","date_gmt":"2025-12-22T14:26:04","guid":{"rendered":"https:\/\/roulementcasting.com\/?page_id=28975"},"modified":"2026-05-05T09:13:37","modified_gmt":"2026-05-05T07:13:37","slug":"housse-de-protection-rod-glove-nylon","status":"publish","type":"page","link":"https:\/\/roulementcasting.com\/en\/housse-de-protection-rod-glove-nylon\/","title":{"rendered":"Housse de protection Rod Glove Nylon"},"content":{"rendered":"<p><img fetchpriority=\"high\" decoding=\"async\" width=\"768\" height=\"617\" src=\"https:\/\/roulementcasting.com\/wp-content\/uploads\/RodGloveUne-768x617.webp\" alt=\"\" srcset=\"https:\/\/roulementcasting.com\/wp-content\/uploads\/RodGloveUne-768x617.webp 768w, https:\/\/roulementcasting.com\/wp-content\/uploads\/RodGloveUne-300x241.webp 300w, https:\/\/roulementcasting.com\/wp-content\/uploads\/RodGloveUne-442x355.webp 442w, https:\/\/roulementcasting.com\/wp-content\/uploads\/RodGloveUne.webp 999w\" sizes=\"(max-width: 768px) 100vw, 768px\" \/>\t\t\t\t\t\t\t\t\t\t\t\t\t\t\t\t<\/p>\n<h2>THE ROD GLOVE<\/h2>\n<h2>Protections Nylon<\/h2>\n<p>\t\t\t\t\t\t\t\t\t\t<a href=\"#casting\"><br \/>\n\t\t\t\t\t\t\t\t\tCasting<br \/>\n\t\t\t\t\t<\/a><br \/>\n\t\t\t\t\t\t\t\t\t\t\t\t\t\t<a href=\"#spinning\"><br \/>\n\t\t\t\t\t\t\t\t\tSpinning<br \/>\n\t\t\t\t\t<\/a><br \/>\n\t\t\t\t\t\t\t\t\t\t\t\t\t\t<a href=\"#2brinscasting\"><br \/>\n\t\t\t\t\t\t\t\t\t2 Brins Casting<br \/>\n\t\t\t\t\t<\/a><br \/>\n\t\t\t\t\t\t\t\t\t\t\t\t\t\t<a href=\"#2brinsspinning\"><br \/>\n\t\t\t\t\t\t\t\t\t2 Brins Spinning<br \/>\n\t\t\t\t\t<\/a><\/p>\n<h2>Casting<\/h2>\n<h2>Casting Shorty &#8211; Canne de 5&rsquo;6&Prime; \u00e0 6&rsquo;8&Prime;<\/h2>\n<h2>Casting Standard &#8211; Canne de 6&rsquo;6 (1m98) \u00e0 7&rsquo;6 (2m29)<\/h2>\n<h2>Casting MICRO GUIDE Standard &#8211; Canne de 6&rsquo;6 (1m98) \u00e0 7&rsquo;6 (2m29)<\/h2>\n<h2>Casting XL &#8211; Canne de 7&rsquo;4 (2m24) \u00e0 8&rsquo;6 (2m59)<\/h2>\n<h2>Casting MICRO GUIDE XL &#8211; Canne de 7&rsquo;4 (2m24) \u00e0 8&rsquo;6 (2m59)<\/h2>\n<h2>Casting Big Stick &#8211; Canne de 8&rsquo;6&Prime; (2m44)  \u00e0 9&rsquo;6&Prime; (2m74)<\/h2>\n<h2>Casting Mega &#8211; Canne de 9&rsquo;6&Prime; (2m74) \u00e0 10&rsquo;6&Prime; (3m20)<\/h2>\n<h2>Spinning<\/h2>\n<h2>Spinning Standard &#8211; Canne de 6&rsquo;6&Prime; (1m98)  \u00e0 7&rsquo;6&Prime; (2m29)<\/h2>\n<h2>Spinning XL &#8211; Canne de 7&rsquo;4&Prime; (1m98) \u00e0 8&rsquo;6&Prime; (2m59)<\/h2>\n<h2>2 Brins &#8211; Casting<\/h2>\n<h2>2 Brins &#8211; Spinning<\/h2>","protected":false},"excerpt":{"rendered":"<p>THE ROD GLOVE Protections Nylon Casting Spinning 2 Brins Casting 2 Brins Spinning Casting Casting Shorty &#8211; Canne de 5&rsquo;6&Prime; \u00e0 6&rsquo;8&Prime; Casting Standard &#8211; Canne de 6&rsquo;6 (1m98) \u00e0 7&rsquo;6 (2m29) Casting MICRO GUIDE Standard &#8211; Canne de 6&rsquo;6 (1m98) \u00e0 7&rsquo;6 (2m29) Casting XL &#8211; Canne de 7&rsquo;4 (2m24) \u00e0 8&rsquo;6 (2m59) Casting [&hellip;]<\/p>\n","protected":false},"author":1,"featured_media":0,"parent":0,"menu_order":0,"comment_status":"closed","ping_status":"closed","template":"page-rod-glove-nylon.php","meta":{"_acf_changed":false,"footnotes":""},"class_list":["post-28975","page","type-page","status-publish","hentry"],"acf":[],"_links":{"self":[{"href":"https:\/\/roulementcasting.com\/en\/wp-json\/wp\/v2\/pages\/28975","targetHints":{"allow":["GET"]}}],"collection":[{"href":"https:\/\/roulementcasting.com\/en\/wp-json\/wp\/v2\/pages"}],"about":[{"href":"https:\/\/roulementcasting.com\/en\/wp-json\/wp\/v2\/types\/page"}],"author":[{"embeddable":true,"href":"https:\/\/roulementcasting.com\/en\/wp-json\/wp\/v2\/users\/1"}],"replies":[{"embeddable":true,"href":"https:\/\/roulementcasting.com\/en\/wp-json\/wp\/v2\/comments?post=28975"}],"version-history":[{"count":43,"href":"https:\/\/roulementcasting.com\/en\/wp-json\/wp\/v2\/pages\/28975\/revisions"}],"predecessor-version":[{"id":29042,"href":"https:\/\/roulementcasting.com\/en\/wp-json\/wp\/v2\/pages\/28975\/revisions\/29042"}],"wp:attachment":[{"href":"https:\/\/roulementcasting.com\/en\/wp-json\/wp\/v2\/media?parent=28975"}],"curies":[{"name":"wp","href":"https:\/\/api.w.org\/{rel}","templated":true}]}}