{"id":26575,"date":"2025-10-28T23:07:20","date_gmt":"2025-10-28T21:07:20","guid":{"rendered":"https:\/\/roulementcasting.com\/contact-assistance\/"},"modified":"2026-04-23T02:17:51","modified_gmt":"2026-04-23T00:17:51","slug":"contact-assistance","status":"publish","type":"page","link":"https:\/\/roulementcasting.com\/en\/contact-assistance\/","title":{"rendered":"Contact &amp; Support"},"content":{"rendered":"","protected":false},"excerpt":{"rendered":"<p>Besoin d\u2019aide pour une pi\u00e8ce ou une commande ? Notre \u00e9quipe est l\u00e0 pour vous r\u00e9pondre.<\/p>","protected":false},"author":1,"featured_media":26578,"parent":0,"menu_order":0,"comment_status":"closed","ping_status":"closed","template":"page-contact-assistance.php","meta":{"_acf_changed":false,"footnotes":""},"class_list":["post-26575","page","type-page","status-publish","has-post-thumbnail","hentry"],"acf":[],"_links":{"self":[{"href":"https:\/\/roulementcasting.com\/en\/wp-json\/wp\/v2\/pages\/26575","targetHints":{"allow":["GET"]}}],"collection":[{"href":"https:\/\/roulementcasting.com\/en\/wp-json\/wp\/v2\/pages"}],"about":[{"href":"https:\/\/roulementcasting.com\/en\/wp-json\/wp\/v2\/types\/page"}],"author":[{"embeddable":true,"href":"https:\/\/roulementcasting.com\/en\/wp-json\/wp\/v2\/users\/1"}],"replies":[{"embeddable":true,"href":"https:\/\/roulementcasting.com\/en\/wp-json\/wp\/v2\/comments?post=26575"}],"version-history":[{"count":119,"href":"https:\/\/roulementcasting.com\/en\/wp-json\/wp\/v2\/pages\/26575\/revisions"}],"predecessor-version":[{"id":30819,"href":"https:\/\/roulementcasting.com\/en\/wp-json\/wp\/v2\/pages\/26575\/revisions\/30819"}],"wp:featuredmedia":[{"embeddable":true,"href":"https:\/\/roulementcasting.com\/en\/wp-json\/wp\/v2\/media\/26578"}],"wp:attachment":[{"href":"https:\/\/roulementcasting.com\/en\/wp-json\/wp\/v2\/media?parent=26575"}],"curies":[{"name":"wp","href":"https:\/\/api.w.org\/{rel}","templated":true}]}}