{"id":26563,"date":"2025-10-28T23:07:14","date_gmt":"2025-10-28T21:07:14","guid":{"rendered":"https:\/\/roulementcasting.com\/home\/"},"modified":"2026-04-22T09:04:38","modified_gmt":"2026-04-22T07:04:38","slug":"home","status":"publish","type":"page","link":"https:\/\/roulementcasting.com\/en\/","title":{"rendered":"Optimisation de Moulinet | RoulementCasting"},"content":{"rendered":"","protected":false},"excerpt":{"rendered":"<p>Sp\u00e9cialiste des roulements de pr\u00e9cision et pi\u00e8ce d\u00e9tach\u00e9e pour moulinet de p\u00eache, livraison rapide en Europe et dans le monde, support technique expert. D\u00e9couvrez nos solutions haute performance.<\/p>","protected":false},"author":1,"featured_media":26566,"parent":0,"menu_order":0,"comment_status":"closed","ping_status":"closed","template":"page-home-rcV6.php","meta":{"_acf_changed":false,"footnotes":""},"class_list":["post-26563","page","type-page","status-publish","has-post-thumbnail","hentry"],"acf":[],"_links":{"self":[{"href":"https:\/\/roulementcasting.com\/en\/wp-json\/wp\/v2\/pages\/26563","targetHints":{"allow":["GET"]}}],"collection":[{"href":"https:\/\/roulementcasting.com\/en\/wp-json\/wp\/v2\/pages"}],"about":[{"href":"https:\/\/roulementcasting.com\/en\/wp-json\/wp\/v2\/types\/page"}],"author":[{"embeddable":true,"href":"https:\/\/roulementcasting.com\/en\/wp-json\/wp\/v2\/users\/1"}],"replies":[{"embeddable":true,"href":"https:\/\/roulementcasting.com\/en\/wp-json\/wp\/v2\/comments?post=26563"}],"version-history":[{"count":158,"href":"https:\/\/roulementcasting.com\/en\/wp-json\/wp\/v2\/pages\/26563\/revisions"}],"predecessor-version":[{"id":30844,"href":"https:\/\/roulementcasting.com\/en\/wp-json\/wp\/v2\/pages\/26563\/revisions\/30844"}],"wp:featuredmedia":[{"embeddable":true,"href":"https:\/\/roulementcasting.com\/en\/wp-json\/wp\/v2\/media\/26566"}],"wp:attachment":[{"href":"https:\/\/roulementcasting.com\/en\/wp-json\/wp\/v2\/media?parent=26563"}],"curies":[{"name":"wp","href":"https:\/\/api.w.org\/{rel}","templated":true}]}}